{"id":930,"date":"2024-06-17T11:27:39","date_gmt":"2024-06-17T17:27:39","guid":{"rendered":"https:\/\/jararicofirm.com\/?page_id=930"},"modified":"2024-06-25T10:09:50","modified_gmt":"2024-06-25T16:09:50","slug":"derecho-constitucional","status":"publish","type":"page","link":"https:\/\/jararicofirm.com\/es\/derecho-constitucional\/","title":{"rendered":"DERECHO CONSTITUCIONAL"},"content":{"rendered":"\t\t<div data-elementor-type=\"wp-page\" data-elementor-id=\"930\" class=\"elementor elementor-930\" data-elementor-post-type=\"page\">\n\t\t\t\t<div class=\"elementor-element elementor-element-4acd32b e-flex e-con-boxed e-con e-parent\" data-id=\"4acd32b\" data-element_type=\"container\" data-e-type=\"container\" data-settings=\"{&quot;background_background&quot;:&quot;classic&quot;}\">\n\t\t\t\t\t<div class=\"e-con-inner\">\n\t\t<div class=\"elementor-element elementor-element-89675eb e-con-full e-flex e-con e-child\" data-id=\"89675eb\" data-element_type=\"container\" data-e-type=\"container\">\n\t\t\t\t<div class=\"elementor-element elementor-element-d0450b2 elementor-widget elementor-widget-heading\" data-id=\"d0450b2\" data-element_type=\"widget\" data-e-type=\"widget\" data-widget_type=\"heading.default\">\n\t\t\t\t<div class=\"elementor-widget-container\">\n\t\t\t\t\t<h2 class=\"elementor-heading-title elementor-size-default\">\u00c1reas de pr\u00e1ctica<\/h2>\t\t\t\t<\/div>\n\t\t\t\t<\/div>\n\t\t\t\t<div class=\"elementor-element elementor-element-d1c8615 elementor-widget-divider--view-line elementor-widget elementor-widget-divider\" data-id=\"d1c8615\" data-element_type=\"widget\" data-e-type=\"widget\" data-widget_type=\"divider.default\">\n\t\t\t\t<div class=\"elementor-widget-container\">\n\t\t\t\t\t\t\t<div class=\"elementor-divider\">\n\t\t\t<span class=\"elementor-divider-separator\">\n\t\t\t\t\t\t<\/span>\n\t\t<\/div>\n\t\t\t\t\t\t<\/div>\n\t\t\t\t<\/div>\n\t\t\t\t<div class=\"elementor-element elementor-element-0cc234c elementor-mobile-align-left elementor-widget elementor-widget-button\" data-id=\"0cc234c\" data-element_type=\"widget\" data-e-type=\"widget\" data-widget_type=\"button.default\">\n\t\t\t\t<div class=\"elementor-widget-container\">\n\t\t\t\t\t\t\t\t\t<div class=\"elementor-button-wrapper\">\n\t\t\t\t\t<a class=\"elementor-button elementor-button-link elementor-size-sm\" href=\"https:\/\/jararicofirm.com\/areas-de-practica\/\">\n\t\t\t\t\t\t<span class=\"elementor-button-content-wrapper\">\n\t\t\t\t\t\t<span class=\"elementor-button-icon\">\n\t\t\t\t<svg xmlns=\"http:\/\/www.w3.org\/2000\/svg\" width=\"36\" height=\"22\" viewBox=\"0 0 36 22\" fill=\"none\"><path d=\"M12 2L3 11L12 20\" stroke=\"#43CAFF\" stroke-width=\"3\"><\/path><path d=\"M4 11H36\" stroke=\"#43CAFF\" stroke-width=\"3\"><\/path><\/svg>\t\t\t<\/span>\n\t\t\t\t\t\t\t\t\t<span class=\"elementor-button-text\">Volver<\/span>\n\t\t\t\t\t<\/span>\n\t\t\t\t\t<\/a>\n\t\t\t\t<\/div>\n\t\t\t\t\t\t\t\t<\/div>\n\t\t\t\t<\/div>\n\t\t\t\t<\/div>\n\t\t\t\t\t<\/div>\n\t\t\t\t<\/div>\n\t\t<div class=\"elementor-element elementor-element-12056f5 e-flex e-con-boxed e-con e-parent\" data-id=\"12056f5\" data-element_type=\"container\" data-e-type=\"container\" data-settings=\"{&quot;background_background&quot;:&quot;classic&quot;}\">\n\t\t\t\t\t<div class=\"e-con-inner\">\n\t\t<div class=\"elementor-element elementor-element-9b1be4b e-flex e-con-boxed e-con e-child\" data-id=\"9b1be4b\" data-element_type=\"container\" data-e-type=\"container\">\n\t\t\t\t\t<div class=\"e-con-inner\">\n\t\t<div class=\"elementor-element elementor-element-d16b32f e-con-full e-flex e-con e-child\" data-id=\"d16b32f\" data-element_type=\"container\" data-e-type=\"container\">\n\t\t\t\t<div class=\"elementor-element elementor-element-dc099f0 elementor-widget elementor-widget-heading\" data-id=\"dc099f0\" data-element_type=\"widget\" data-e-type=\"widget\" data-widget_type=\"heading.default\">\n\t\t\t\t<div class=\"elementor-widget-container\">\n\t\t\t\t\t<h2 class=\"elementor-heading-title elementor-size-default\">DERECHO CONSTITUCIONAL<\/h2>\t\t\t\t<\/div>\n\t\t\t\t<\/div>\n\t\t<div class=\"elementor-element elementor-element-ecadc6d e-flex e-con-boxed e-con e-child\" data-id=\"ecadc6d\" data-element_type=\"container\" data-e-type=\"container\" data-settings=\"{&quot;background_background&quot;:&quot;classic&quot;}\">\n\t\t\t\t\t<div class=\"e-con-inner\">\n\t\t\t\t<div class=\"elementor-element elementor-element-d88c64f elementor-widget elementor-widget-text-editor\" data-id=\"d88c64f\" data-element_type=\"widget\" data-e-type=\"widget\" data-widget_type=\"text-editor.default\">\n\t\t\t\t<div class=\"elementor-widget-container\">\n\t\t\t\t\t\t\t\t\t<p>En nuestro equipo de trabajo sabemos que en Costa Rica y en todo el Mundo; es una verdad incontestable que el derecho \u2013en cuanto estudio del sistema jur\u00eddico\u2212 es una disciplina en constante formaci\u00f3n, pues el ordenamiento jur\u00eddico se modifica en virtud de los cambios sociales, econ\u00f3micos y criminales, entre otros. Hoy la actividad de las organizaciones delictivas, con grandes capacidades de violencia y de corromper a los funcionarios p\u00fablicos, se traduce en verdadera crisis para los principios b\u00e1sicos del Estado de derecho recogidos por la constituci\u00f3n pol\u00edtica, en cuanto las garant\u00edas ciudadanas dise\u00f1adas para tutelar al acusado frente al poder de los entes oficiales, se han desnaturalizado y puesto al servicio de genocidas y capos de la criminalidad organizada. Me opongo radicalmente a las soluciones de hecho, pues con ello se pierde la democracia como veh\u00edculo de la libertad individual. Pero no desconozco la necesidad de actualizar, tanto desde el interno de los Estados como de los foros internacionales, la normativa constitucional para hacer efectiva la persecuci\u00f3n penal sin disminuir los derechos fundamentales de los ciudadanos.<\/p><p><br \/>Ante las nuevas formas, se ha mudado la concepci\u00f3n de garant\u00eda constitucional en algunos casos: As\u00ed por ejemplo, resulta evidente la desaparici\u00f3n de la res iudicata en materia penal, frente a delitos de competencia de la Corte penal internacional, pues de dictarse sentencia absolutoria por los tribunales nacionales, debe intervenir la Fiscal\u00eda penal internacional para abrir los procesos ante la citada corte. Asistimos a la ruptura de paradigmas, en cuanto la comunidad internacional se ha arrogado el conocimiento de causas, inicialmente de competencia de los tribunales internos estatales, para suplir en su lugar la justicia que se dej\u00f3 de aplicar. Intervenci\u00f3n en asuntos internos de los Estados, desconocimiento de la absolutoria venida en car\u00e1cter de cosa juzgada por los tribunales nacionales, cuestionamiento a la soberan\u00eda y a la libre autodeterminaci\u00f3n de cada pa\u00eds, y, hasta cierto punto, la presunci\u00f3n de inocencia porque el Fiscal penal internacional interviene ante una absolutoria que considera injusta. La ca\u00edda de la cosa juzgada arrastra esta lista de garant\u00edas.<\/p><p><br \/>Por ello resulta m\u00e1s que oportuno y conveniente volver los ojos sobre la norma fundamental, pues el derecho penal y el derecho procesal penal son derecho constitucional aplicado. Basta pensar que la pena, de prisi\u00f3n o de multa, es la suspensi\u00f3n individualizada de una garant\u00eda constitucional: la libertad o la propiedad. Pero durante el curso del proceso penal, es normal encontrar resoluciones judiciales que suspenden garant\u00edas constitucionales, como es el caso del allanamiento, cuyo efecto es la p\u00e9rdida temporal de la inviolabilidad del domicilio y del derecho a la intimidad; la intervenci\u00f3n telef\u00f3nica, que suspende la garant\u00eda de la inviolabilidad de las comunicaciones; etc.<\/p>\t\t\t\t\t\t\t\t<\/div>\n\t\t\t\t<\/div>\n\t\t\t\t<div class=\"elementor-element elementor-element-5c9e4b6 elementor-widget elementor-widget-text-editor\" data-id=\"5c9e4b6\" data-element_type=\"widget\" data-e-type=\"widget\" data-widget_type=\"text-editor.default\">\n\t\t\t\t<div class=\"elementor-widget-container\">\n\t\t\t\t\t\t\t\t\t<ol><li><strong>RECURSO DE AMPARO<\/strong>: es sumar\u00edsimo, parte de par\u00e1metros constitucionales que son la constituci\u00f3n pol\u00edtica, derechos fundamentales en tratados, principios, votos anteriores y vela por todos los derechos excepto libertad y libertad de tr\u00e1nsito. No se puede fundamentar con leyes ni reglamentos ya que lo que se alega son temas de constitucionalidad y no de legalidad. Uno invoca el derecho y le toca a la administraci\u00f3n demostrar lo contrario. Se puede presentar en una violaci\u00f3n consumada, violaci\u00f3n contin\u00faa o en amenaza de violaci\u00f3n, pueden haber pasado 8 a\u00f1os que mientras subsista la violaci\u00f3n se puede interponer.<\/li><li><strong>\u00a0RECURSO DE AMPARO CONTRA PARTICULARES:<\/strong> 1. necesita una relaci\u00f3n de poder. Ej: contra la u, un patrono, xq hay relaci\u00f3n de poder; si viola derechos fundamentales 2- Contra los privados en ejercicio de potestades p\u00fablicas (ej los administradores de la calle a Puntarenas), 3- Se requiere que las v\u00edas procesales ordinarias resulten tard\u00edas para garantizar un derecho.\u2028Se dirige contra el presunto autor, si es contra una persona jur\u00eddica es contra el representante, el de empresa contra personero aparente o responsable individual.<\/li><li><strong>HABEAS CORPUS<\/strong>: es el precursor en la protecci\u00f3n de los derechos fundamentales, significa \u201ctiene cuerpo\u201d y viene de la obligaci\u00f3n de presentar al detenido, aparece desde la \u00e9poca de los romanos, donde en las apuestas el que perd\u00eda se ganaba a esclavo, alguien lo buscaba y los altos mandos iban a la casa donde se supon\u00eda deb\u00eda estar y obligaba a exhibir al esclavo y as\u00ed sab\u00edan donde estaba la persona.\u2028En un proceso constitucional de car\u00e1cter sumario, donde las autoridades judiciales ejercen la tutela del derecho a la libertad e integridad personal, asi como la libertad de tr\u00e1nsito.\u2028Es un derecho bisado, de doble naturaleza: Es fundamental para tutela judicial contra privaciones y Procesal para ejercer proceso sumar\u00edsimo para tutelarlos.\u2028Caracter\u00edsticas: sumariedad, celeridad, m\u00ednimo contradictorio, acci\u00f3n vicaria, ilegitimidad de la detenci\u00f3n.\u2028<\/li><li><strong>TIPOLOG\u00cdA:<\/strong> evoluci\u00f3n en el tiempo de los recursos, habiendo otras formas de violentar los derechos pero tambi\u00e9n hay otras formas de habeas.<\/li><li><strong>HABEAS PRINCIPAL O REPARADOR:<\/strong> Art\u00edculo 37, es el tradicional, debe haber indicio comprobado, o mandato judicial o administrativo.<\/li><li><strong>HABEAS RESTRINGIDO:<\/strong> vigilancia abusiva o restricci\u00f3n a diferentes \u00e1reas. Como a las personas que le hacen fijo, un tipo de acoso policial, hay perturbaci\u00f3n a la libertad individual no lo detienen pero si le perturban la libertad.<\/li><li><strong>HABEAS PREVENTIVO<\/strong>: hay amenazas eventuales de restricci\u00f3n, hay posibilidad de que se vaya a dar, hay ciertas evidencias, manifestaciones de la polic\u00eda, todos los d\u00edas lo requisan y le dicen \u201cya vas a caer, ya te vamos a detener\u201d, o sea es preventivo de que algo va a pasar. Pretende evitar la materializaci\u00f3n de restricciones o detenciones ilegitimas. Preventivo de algo que puede llegar a suceder.<\/li><li><strong>HABEAS CORRECTIVO:<\/strong> amenaza o acto lesivo del derecho fundamental a la vida, integridad f\u00edsica y psicol\u00f3gica o salud de los reclusos; detenci\u00f3n legitima, pero con motivo de esa detenci\u00f3n est\u00e1 en riesgo su vida como un polic\u00eda detenido y que este en una c\u00e1rcel, o un juez penal en una c\u00e1rcel, va a correr riego su vida. Para proteger la libertad f\u00edsica, pandillas, no mezclar indicados con sentenciados.\u2028Cuando hay certeza hay deber de indemnizar, pero por duda no hay deber de indemnizar, a menos que haya sufrido abusos dentro de la c\u00e1rcel en la prisi\u00f3n preventiva, y se interpone en el contencioso en proceso civil de hacienda, para reclamar los da\u00f1os y perjuicios, demostrando el da\u00f1o y el nexo causal. Da\u00f1o material se cuantifica ya sea por peritaje, Da\u00f1o f\u00edsico: p\u00e9rdida de capacidad org\u00e1nica y se puede cuantificar, Da\u00f1o moral objetivo: afectaci\u00f3n a mi imagen, se prueba con publicaciones, testigos, lo que se dec\u00eda. Da\u00f1o moral subjetivo: solo con prueba indiciaria, testigos, ya que es el dolor, angustia, sufrimiento. Y se debe probar el nexo causal.<\/li><li><strong>HABEAS INNOVATIVO:<\/strong> cuando ya ceso la amenaza, se solicita que no se vuelva a incurrir en la misma conducta.<\/li><li><strong>LA CONSULTA DE CONSTITUCIONALIDAD<\/strong>: puede ser facultativa o preceptiva. Otro mecanismo para determinar que las normas sean acordes a la constituci\u00f3n.<\/li><li><strong>PRECEPTIVA:<\/strong> de car\u00e1cter obligatorio. La pueden hacer sujetos activos: consultas judiciales, otras instancias, y legislativas. se le pregunta si determinado proyecto de ley es o no contrario a la constituci\u00f3n pol\u00edtica. Cuando la asamblea vea proyectos de reforma constitucionales, reformas a la ley de la jurisdicci\u00f3n constitucional, o de aprobaci\u00f3n de convenios o tratados internacionales, la Asamblea est\u00e1 obligada a consultar a la sala.\u2028La consulta se hace despu\u00e9s del primer debate, en primera legislatura y antes de la definitiva, antes del segundo.<\/li><li><strong>FACULTATIVA:<\/strong> es para la aprobaci\u00f3n de leyes o reformas al reglamento de la asamblea, la hacen no menos de 10 diputados.\u2028La consulta a la sala no es vinculante para la Asamblea ni tampoco para ella misma, la Sala puede rechazar y luego alguien interpone acci\u00f3n de inconstitucionalidad, y la Sala lo puede rechazar, alegando que mejor si est\u00e1 de acuerdo con la asamblea.\u2028Tambi\u00e9n pueden consultar la Corte, el TSE y la contralor\u00eda, cuando hay proyectos que consideren que puedan afectar sus competencias; as\u00ed como la defensor\u00eda de los habitantes cu\u00e1ndo se d\u00e9 la lesi\u00f3n a derechos; debe hacer un escrito razonado fundamentando la consulta. Se le puede consultar sobre 3 art\u00edculos a la sal, pero la sala tambi\u00e9n puede responder sobre mas art\u00edculos, mas all\u00e1 de lo consultado. No es vinculante para los diputados, solo si la sala dice que el procedimiento legislativo es contrario a la constituci\u00f3n ah\u00ed s\u00ed ser\u00eda vinculante para los disputados<\/li><\/ol>\t\t\t\t\t\t\t\t<\/div>\n\t\t\t\t<\/div>\n\t\t\t\t\t<\/div>\n\t\t\t\t<\/div>\n\t\t\t\t<\/div>\n\t\t<div class=\"elementor-element elementor-element-b9da573 e-con-full e-flex e-con e-child\" data-id=\"b9da573\" data-element_type=\"container\" data-e-type=\"container\">\n\t\t<div class=\"elementor-element elementor-element-fd14661 e-con-full e-flex e-con e-child\" data-id=\"fd14661\" data-element_type=\"container\" data-e-type=\"container\">\n\t\t\t\t<div class=\"elementor-element elementor-element-115b965 elementor-widget elementor-widget-image\" data-id=\"115b965\" data-element_type=\"widget\" data-e-type=\"widget\" data-widget_type=\"image.default\">\n\t\t\t\t<div class=\"elementor-widget-container\">\n\t\t\t\t\t\t\t\t\t\t\t\t\t\t\t<img fetchpriority=\"high\" decoding=\"async\" width=\"653\" height=\"539\" src=\"https:\/\/jararicofirm.com\/wp-content\/uploads\/2024\/06\/DERECHO-CONSTITUCIONAL01.png\" class=\"attachment-full size-full wp-image-906\" alt=\"\" \/>\t\t\t\t\t\t\t\t\t\t\t\t\t\t\t<\/div>\n\t\t\t\t<\/div>\n\t\t<div class=\"elementor-element elementor-element-a420437 e-flex e-con-boxed e-con e-child\" data-id=\"a420437\" data-element_type=\"container\" data-e-type=\"container\">\n\t\t\t\t\t<div class=\"e-con-inner\">\n\t\t<div class=\"elementor-element elementor-element-8567c77 e-con-full e-flex e-con e-child\" data-id=\"8567c77\" data-element_type=\"container\" data-e-type=\"container\">\n\t\t\t\t<div class=\"elementor-element elementor-element-3d5a443 elementor-widget elementor-widget-button\" data-id=\"3d5a443\" data-element_type=\"widget\" data-e-type=\"widget\" data-widget_type=\"button.default\">\n\t\t\t\t<div class=\"elementor-widget-container\">\n\t\t\t\t\t\t\t\t\t<div class=\"elementor-button-wrapper\">\n\t\t\t\t\t<a class=\"elementor-button elementor-button-link elementor-size-sm\" href=\"https:\/\/api.whatsapp.com\/send\/?phone=50684556166&#038;text&#038;type=phone_number&#038;app_absent=0\" target=\"_blank\" rel=\"nofollow noopener\">\n\t\t\t\t\t\t<span class=\"elementor-button-content-wrapper\">\n\t\t\t\t\t\t<span class=\"elementor-button-icon\">\n\t\t\t\t<svg xmlns=\"http:\/\/www.w3.org\/2000\/svg\" width=\"36\" height=\"36\" viewBox=\"0 0 36 36\" fill=\"none\"><g clip-path=\"url(#clip0_36_575)\"><path d=\"M30.7552 5.23099C27.6814 2.16999 23.595 0.325384 19.2569 0.0406372C14.9187 -0.244109 10.6244 1.05041 7.1736 3.68315C3.72278 6.3159 1.35062 10.1074 0.498801 14.3518C-0.35302 18.5962 0.373554 23.0041 2.54324 26.7548L0 35.9998L9.50305 33.5188C12.1308 34.9441 15.0757 35.6904 18.0682 35.6894H18.0755C21.62 35.6892 25.0849 34.6429 28.0323 32.6827C30.9796 30.7224 33.277 27.9363 34.634 24.6764C35.9911 21.4165 36.3469 17.8293 35.6565 14.3681C34.9661 10.907 33.2605 7.72726 30.7552 5.23099ZM18.0755 32.6772H18.0706C15.4024 32.6784 12.783 31.9647 10.4872 30.6109L9.94153 30.2884L4.30451 31.7605L5.80999 26.2916L5.45432 25.729C3.69867 22.9436 2.92254 19.6565 3.24793 16.3841C3.57332 13.1118 4.98178 10.0399 7.25191 7.65139C9.52205 5.26283 12.5251 3.69304 15.789 3.18879C19.053 2.68454 22.3927 3.27442 25.2832 4.8657C28.1737 6.45698 30.451 8.95943 31.7573 11.9797C33.0635 14.9999 33.3246 18.3667 32.4994 21.5507C31.6742 24.7348 29.8096 27.5555 27.1987 29.5696C24.5877 31.5836 21.3785 32.6768 18.0755 32.6772Z\" fill=\"white\"><\/path><path fill-rule=\"evenodd\" clip-rule=\"evenodd\" d=\"M26.8429 24.2135C26.4702 25.2539 24.6431 26.258 23.8198 26.3332C22.9964 26.4083 22.229 26.7018 18.4458 25.2176C13.8953 23.4302 11.0207 18.7859 10.7966 18.4876C10.5725 18.1893 8.96714 16.0696 8.96714 13.8772C8.95444 13.1826 9.08739 12.493 9.35752 11.8524C9.62765 11.2118 10.029 10.6344 10.536 10.1569C10.6853 9.9868 10.8686 9.8494 11.074 9.75338C11.2795 9.65737 11.5027 9.60484 11.7296 9.59912L12.5871 9.61125C12.9062 9.62337 13.2595 9.63792 13.5956 10.38C13.9927 11.2628 14.8648 13.4674 14.9769 13.6905C15.0476 13.8074 15.0879 13.94 15.0943 14.0763C15.1007 14.2127 15.0729 14.3484 15.0134 14.4714C14.9006 14.7397 14.7497 14.9904 14.5652 15.2159C14.3411 15.4754 14.095 15.7956 13.8928 15.9969C13.6687 16.2176 13.4349 16.4601 13.698 16.9063C14.3705 18.0519 15.2095 19.0923 16.1876 19.9936C17.2506 20.9334 18.4698 21.6818 19.7905 22.2054C20.2388 22.4285 20.4994 22.3922 20.7601 22.0939C21.0207 21.7956 21.8782 20.7915 22.1779 20.3453C22.4775 19.899 22.7747 19.9742 23.1864 20.1222C23.5981 20.2701 25.7978 21.3493 26.2461 21.5724C26.6943 21.7956 26.9939 21.9071 27.1036 22.0939C27.2132 22.2806 27.2156 23.1731 26.8429 24.2135Z\" fill=\"white\"><\/path><\/g><defs><clipPath id=\"clip0_36_575\"><rect width=\"36\" height=\"36\" fill=\"white\"><\/rect><\/clipPath><\/defs><\/svg>\t\t\t<\/span>\n\t\t\t\t\t\t\t\t\t<span class=\"elementor-button-text\">Escr\u00edbenos<\/span>\n\t\t\t\t\t<\/span>\n\t\t\t\t\t<\/a>\n\t\t\t\t<\/div>\n\t\t\t\t\t\t\t\t<\/div>\n\t\t\t\t<\/div>\n\t\t\t\t<\/div>\n\t\t<div class=\"elementor-element elementor-element-85cc087 e-con-full e-flex e-con e-child\" data-id=\"85cc087\" data-element_type=\"container\" data-e-type=\"container\">\n\t\t\t\t<div class=\"elementor-element elementor-element-d3035cd elementor-mobile-align-right elementor-align-right elementor-widget elementor-widget-button\" data-id=\"d3035cd\" data-element_type=\"widget\" data-e-type=\"widget\" data-widget_type=\"button.default\">\n\t\t\t\t<div class=\"elementor-widget-container\">\n\t\t\t\t\t\t\t\t\t<div class=\"elementor-button-wrapper\">\n\t\t\t\t\t<a class=\"elementor-button elementor-button-link elementor-size-sm\" href=\"https:\/\/jararicofirm.com\/politica-de-privacidad\/\">\n\t\t\t\t\t\t<span class=\"elementor-button-content-wrapper\">\n\t\t\t\t\t\t\t\t\t<span class=\"elementor-button-text\">Pol\u00edtica de Privacidad<\/span>\n\t\t\t\t\t<\/span>\n\t\t\t\t\t<\/a>\n\t\t\t\t<\/div>\n\t\t\t\t\t\t\t\t<\/div>\n\t\t\t\t<\/div>\n\t\t\t\t<\/div>\n\t\t\t\t\t<\/div>\n\t\t\t\t<\/div>\n\t\t\t\t<\/div>\n\t\t\t\t<\/div>\n\t\t\t\t\t<\/div>\n\t\t\t\t<\/div>\n\t\t\t\t\t<\/div>\n\t\t\t\t<\/div>\n\t\t\t\t<\/div>\n\t\t","protected":false},"excerpt":{"rendered":"<p>\u00c1reas de pr\u00e1ctica Volver DERECHO CONSTITUCIONAL En nuestro equipo de trabajo sabemos que en Costa Rica y en todo el Mundo; es una verdad incontestable que el derecho \u2013en cuanto estudio del sistema jur\u00eddico\u2212 es una disciplina en constante formaci\u00f3n, pues el ordenamiento jur\u00eddico se modifica en virtud de los cambios sociales, econ\u00f3micos y criminales, [&hellip;]<\/p>\n","protected":false},"author":4,"featured_media":736,"parent":0,"menu_order":0,"comment_status":"closed","ping_status":"closed","template":"","meta":{"content-type":"","footnotes":""},"class_list":["post-930","page","type-page","status-publish","has-post-thumbnail","hentry"],"acf":[],"_links":{"self":[{"href":"https:\/\/jararicofirm.com\/es\/wp-json\/wp\/v2\/pages\/930","targetHints":{"allow":["GET"]}}],"collection":[{"href":"https:\/\/jararicofirm.com\/es\/wp-json\/wp\/v2\/pages"}],"about":[{"href":"https:\/\/jararicofirm.com\/es\/wp-json\/wp\/v2\/types\/page"}],"author":[{"embeddable":true,"href":"https:\/\/jararicofirm.com\/es\/wp-json\/wp\/v2\/users\/4"}],"replies":[{"embeddable":true,"href":"https:\/\/jararicofirm.com\/es\/wp-json\/wp\/v2\/comments?post=930"}],"version-history":[{"count":17,"href":"https:\/\/jararicofirm.com\/es\/wp-json\/wp\/v2\/pages\/930\/revisions"}],"predecessor-version":[{"id":1508,"href":"https:\/\/jararicofirm.com\/es\/wp-json\/wp\/v2\/pages\/930\/revisions\/1508"}],"wp:featuredmedia":[{"embeddable":true,"href":"https:\/\/jararicofirm.com\/es\/wp-json\/wp\/v2\/media\/736"}],"wp:attachment":[{"href":"https:\/\/jararicofirm.com\/es\/wp-json\/wp\/v2\/media?parent=930"}],"curies":[{"name":"wp","href":"https:\/\/api.w.org\/{rel}","templated":true}]}}