{"id":796,"date":"2024-06-14T16:34:28","date_gmt":"2024-06-14T22:34:28","guid":{"rendered":"https:\/\/jararicofirm.com\/?page_id=796"},"modified":"2024-08-07T18:04:50","modified_gmt":"2024-08-08T00:04:50","slug":"politica-de-privacidad","status":"publish","type":"page","link":"https:\/\/jararicofirm.com\/es\/politica-de-privacidad\/","title":{"rendered":"Pol\u00edtica de Privacidad"},"content":{"rendered":"\t\t<div data-elementor-type=\"wp-page\" data-elementor-id=\"796\" class=\"elementor elementor-796\" data-elementor-post-type=\"page\">\n\t\t\t\t<div class=\"elementor-element elementor-element-4acd32b e-flex e-con-boxed e-con e-parent\" data-id=\"4acd32b\" data-element_type=\"container\" data-e-type=\"container\" data-settings=\"{&quot;background_background&quot;:&quot;classic&quot;}\">\n\t\t\t\t\t<div class=\"e-con-inner\">\n\t\t<div class=\"elementor-element elementor-element-89675eb e-con-full e-flex e-con e-child\" data-id=\"89675eb\" data-element_type=\"container\" data-e-type=\"container\">\n\t\t\t\t<div class=\"elementor-element elementor-element-d0450b2 elementor-widget elementor-widget-heading\" data-id=\"d0450b2\" data-element_type=\"widget\" data-e-type=\"widget\" data-widget_type=\"heading.default\">\n\t\t\t\t<div class=\"elementor-widget-container\">\n\t\t\t\t\t<h1 class=\"elementor-heading-title elementor-size-default\">Pol\u00edtica de Privacidad<\/h1>\t\t\t\t<\/div>\n\t\t\t\t<\/div>\n\t\t\t\t<div class=\"elementor-element elementor-element-d1c8615 elementor-widget-divider--view-line elementor-widget elementor-widget-divider\" data-id=\"d1c8615\" data-element_type=\"widget\" data-e-type=\"widget\" data-widget_type=\"divider.default\">\n\t\t\t\t<div class=\"elementor-widget-container\">\n\t\t\t\t\t\t\t<div class=\"elementor-divider\">\n\t\t\t<span class=\"elementor-divider-separator\">\n\t\t\t\t\t\t<\/span>\n\t\t<\/div>\n\t\t\t\t\t\t<\/div>\n\t\t\t\t<\/div>\n\t\t\t\t<\/div>\n\t\t\t\t\t<\/div>\n\t\t\t\t<\/div>\n\t\t<div class=\"elementor-element elementor-element-12056f5 e-flex e-con-boxed e-con e-parent\" data-id=\"12056f5\" data-element_type=\"container\" data-e-type=\"container\" data-settings=\"{&quot;background_background&quot;:&quot;classic&quot;}\">\n\t\t\t\t\t<div class=\"e-con-inner\">\n\t\t<div class=\"elementor-element elementor-element-9b1be4b e-flex e-con-boxed e-con e-child\" data-id=\"9b1be4b\" data-element_type=\"container\" data-e-type=\"container\">\n\t\t\t\t\t<div class=\"e-con-inner\">\n\t\t\t\t<div class=\"elementor-element elementor-element-402fa46 elementor-widget elementor-widget-text-editor\" data-id=\"402fa46\" data-element_type=\"widget\" data-e-type=\"widget\" data-widget_type=\"text-editor.default\">\n\t\t\t\t<div class=\"elementor-widget-container\">\n\t\t\t\t\t\t\t\t\t<p>Es requisito necesario para la adquisici\u00f3n de los productos que se ofrecen en este sitio, que lea y acepte los siguientes T\u00e9rminos y Condiciones de Uso que a continuaci\u00f3n se redactan. La compra de nuestros servicios, implicar\u00e1 que usted ha le\u00eddo y aceptado los T\u00e9rminos y Condiciones de Uso en el presente documento. Sobre sus datos\u00a0<a href=\"https:\/\/jararicofirm.com\/\">Jara Rico Firma de Abogados<\/a>\u00a0asume el compromiso y obligaci\u00f3n de salvaguardar y proteger la informaci\u00f3n personal y de su negocio que nos suministre. Por lo tanto, es importante que lea detenidamente la presente pol\u00edtica de privacidad, la cual aplica en la actualidad para personas mayores de 18 a\u00f1os y empresas que sean nuestros clientes. La informaci\u00f3n protegida por esta pol\u00edtica es aquella suministrada por el cliente o usuario y no aquella recopilada por bases de datos a trav\u00e9s de sitios p\u00fablicos o de gobierno.\u00a0 Esta informaci\u00f3n protegida incluye datos personales fidedignos como claves de acceso tanto suministrados para la apertura y gesti\u00f3n de su cuenta, como la configuraci\u00f3n y uso de nuestras aplicaciones web.<\/p><p>\u00a0<\/p><p>El usuario puede elegir y cambiar la clave para su acceso de administraci\u00f3n de la cuenta en cualquier momento.\u00a0<a href=\"https:\/\/jararicofirm.com\/\">Jara Rico Firma de Abogados<\/a>\u00a0no asume la responsabilidad en caso de que entregue dicha clave a terceros.\u00a0 Todos sus datos ser\u00e1n usados \u00fanica y exclusivamente con fines de brindar con eficiencia el servicio de facturaci\u00f3n y facturaci\u00f3n electr\u00f3nica.\u00a0 Cualquier duda o consulta que pueda surgir de la lectura de la presente Pol\u00edtica de Privacidad \u2013 T\u00e9rminos y Condiciones de Uso, puede ser consultada directamente a nuestro departamento legal, en la direcci\u00f3n de correo electr\u00f3nico: infojararicofirm@gmail.com<\/p><p>\u00a0<\/p><ol><li>EL SITIO: La informaci\u00f3n protegida, como se mencion\u00f3 anteriormente, es aquella suministrada por el cliente a trav\u00e9s de\u00a0<a href=\"https:\/\/jararicofirm.com\/\">https:\/\/jararicofirm.com\/<\/a>\u00a0en adelante.<\/li><\/ol><ol start=\"2\"><li>INFORMACI\u00d3N SUMINISTRADA: En el sitio se recopilar\u00e1 informaci\u00f3n personal obligatoria tal como:\u00a0 Informaci\u00f3n general o personal: Nombre, direcci\u00f3n, correo electr\u00f3nico, n\u00famero de tel\u00e9fono, contrase\u00f1as, \u00e1rea de negocio, n\u00famero de fax, sitio web, pa\u00eds de origen y referencia de contacto.\u00a0 Informaci\u00f3n de su negocio o comercial: Productos y Servicios, precios, datos de sus clientes, facturaci\u00f3n, notas de d\u00e9bito, notas de cr\u00e9dito, recibos, facturas recibidas y estados de cuenta.\u00a0 La informaci\u00f3n de su clave criptogr\u00e1fica tomada del sitio hacienda.go.cr \/ ATV ser\u00e1 almacenada en nuestro sitio cuando usted la digite y por ende, los documentos electr\u00f3nicos en nuestras aplicaciones ser\u00e1n firmados electr\u00f3nicamente.<\/li><\/ol><ol start=\"3\"><li>USO DE LA INFORMACI\u00d3N: La informaci\u00f3n que usted nos suministra es utilizada para:\u00a0 Contactarnos con usted, enviarle informaci\u00f3n importante acerca de cambios en nuestras\u00a0 pol\u00edticas, t\u00e9rminos y condiciones, configurar su cuenta incluyendo informaci\u00f3n tributaria\u00a0 para el uso de nuestras aplicaciones conforme a la normativa contable y tributaria\u00a0 vigente, almacenarle en nuestra base de datos como nuestro cliente, generarle estados\u00a0 de cuenta, facturas y recibos, enviar informaci\u00f3n importante sobre nuestros negocios y\u00a0 productos, identificar su cuenta, prevenir e identificar posibles delitos y fraudes, recibir\u00a0 sus solicitudes de informaci\u00f3n, contacto y soporte.<\/li><\/ol><ol start=\"4\"><li>INFORMACI\u00d3N SUMINISTRADA: En\u00a0<a href=\"https:\/\/jararicofirm.com\/\" target=\"_blank\" rel=\"noopener\">Jara Rico Firma de Abogados<\/a>\u00a0no recopilamos ni procesamos informaci\u00f3n sobre localizaci\u00f3n cuando usted se inscribe ni cuando hace uso de los servicios, ni en primer, ni en segundo plano. Tampoco utilizamos la localizaci\u00f3n de su dispositivo, ni recopilaci\u00f3n de datos desde su dispositivo para fines de anuncios ni ning\u00fan tipo de publicidad.\u00a0 \u00a0<\/li><\/ol><ol start=\"5\"><li>USO NO AUTORIZADO Y SEGURIDAD: El Cliente no puede colocar uno de nuestros productos, modificado o sin modificar, en un CD, sitio web o ning\u00fan otro medio y ofrecerlos para la redistribuci\u00f3n o la reventa de ning\u00fan tipo.\u00a0 El Cliente no puede declarar propiedad intelectual o exclusiva a ninguno de nuestros productos, modificado o sin modificar. Todos los productos son propiedad de<a href=\"https:\/\/jararicofirm.com\/\">\u00a0<\/a><a href=\"https:\/\/jararicofirm.com\/\" target=\"_blank\" rel=\"noopener\">Jara Rico Firma de Abogados<\/a>. Nuestros productos se proporcionan sin ning\u00fan tipo de garant\u00eda, expresa o impl\u00edcita. En ning\u00fan caso,\u00a0<a href=\"https:\/\/jararicofirm.com\/\" target=\"_blank\" rel=\"noopener\">Jara Rico Firma de Abogados<\/a>\u00a0ser\u00e1 responsable de ning\u00fan da\u00f1o incluyendo, pero no limitado a, da\u00f1os directos, indirectos, especiales, fortuitos o consecuentes u otras p\u00e9rdidas resultantes del uso o de la imposibilidad de utilizar nuestros productos.\u00a0 Nuestro objetivo en\u00a0<a href=\"https:\/\/jararicofirm.com\/\" target=\"_blank\" rel=\"noopener\">Jara Rico Firma de Abogados<\/a>\u00a0es proteger su informaci\u00f3n personal y comercial enviada a trav\u00e9s del sitio. Se mantienen respaldos electr\u00f3nicos para evitar la p\u00e9rdida y uso no autorizado de su informaci\u00f3n.\u00a0<a href=\"https:\/\/jararicofirm.com\/\" target=\"_blank\" rel=\"noopener\">Jara Rico Firma de Abogados<\/a>\u00a0se compromete a no divulgar, modificar, comercializar y\/o destruir su informaci\u00f3n personal o comercial. El acceso a su informaci\u00f3n personal y comercial se encuentra restringida en nuestro sitio.<u>\u00a0<\/u><a href=\"https:\/\/jararicofirm.com\/\" target=\"_blank\" rel=\"noopener\">Jara Rico Firma de Abogados<\/a>\u00a0se compromete a que sus empleados, personeros, socios y \/o asociados conocen la presente Pol\u00edtica de Privacidad y deber\u00e1n respetarla como parte de sus obligaciones laborales y\/o contractuales.\u00a0 Se le insta a remitir su informaci\u00f3n personal y comercial a trav\u00e9s de nuestro sitio dado que su correo electr\u00f3nico y otros medios electr\u00f3nicos pueden no ser seguros. Se le sugiere utilizar en todo momento medios seguros y protegidos para ayudarnos a proteger su informaci\u00f3n.\u00a0\u00a0<a href=\"https:\/\/jararicofirm.com\/\" target=\"_blank\" rel=\"noopener\">Jara Rico Firma de Abogados<\/a>\u00a0reconoce la importancia especial que tiene su informaci\u00f3n tributaria y contable por lo que nos comprometemos a: (i) restringir el acceso a, y el uso de, dicha informaci\u00f3n por nuestros empleados y\/o colaboradores; (ii) prevenir el acceso no autorizado por terceros; y (iii) prohibir la divulgaci\u00f3n ilegal de su informaci\u00f3n.\u00a0\u00a0<a href=\"https:\/\/jararicofirm.com\/\" target=\"_blank\" rel=\"noopener\">Jara Rico Firma de Abogados<\/a>\u00a0solo podr\u00e1 suministrar su informaci\u00f3n a entes gubernamentales, autoridades tributarias y\/o autoridades judiciales que lo requieran conforme a la normativa vigente.\u00a0<a href=\"https:\/\/jararicofirm.com\/\" target=\"_blank\" rel=\"noopener\">Jara Rico Firma de Abogados<\/a>\u00a0\u00a0garantiza que la informaci\u00f3n personal y comercial que nos brinde se conservar\u00e1 de forma precisa y completa y durante toda la vigencia de la relaci\u00f3n contractual. Una vez finalizada su relaci\u00f3n comercial con\u00a0<a href=\"https:\/\/jararicofirm.com\/\" target=\"_blank\" rel=\"noopener\">Jara Rico Firma de Abogados<\/a>\u00a0su informaci\u00f3n personal y comercial ser\u00e1 bloqueada durante un per\u00edodo prudencial y posteriormente destruida para evitar acceso de terceros.\u00a0\u00a0<a href=\"https:\/\/jararicofirm.com\/\" target=\"_blank\" rel=\"noopener\">Jara Rico Firma de Abogados<\/a>\u00a0podr\u00e1 remitir publicidad e informaci\u00f3n de nuestros productos y servicios a su correo electr\u00f3nico proporcionado. En cualquier momento usted podr\u00e1 cancelar la remisi\u00f3n de este tipo de informaci\u00f3n.<\/li><\/ol><ol start=\"6\"><li>INFORMACI\u00d3N CREDITICIA:\u00a0<a href=\"https:\/\/jararicofirm.com\/\" target=\"_blank\" rel=\"noopener\">Jara Rico Firma de Abogados<\/a>\u00a0no podr\u00e1 almacenar informaci\u00f3n de tarjetas de cr\u00e9dito y\/o d\u00e9bito, n\u00fameros de cuenta, vencimiento de sus tarjetas o cualquier otra relativa al cobro de nuestros productos o servicios. Todos los productos que son ofrecidos por nuestro sitio web pudieran ser creadas, cobradas, enviadas o presentadas por una p\u00e1gina web tercera y en tal caso estar\u00edan sujetas a sus propios T\u00e9rminos y Condiciones.\u00a0 Todas las compras y transacciones que se lleven a cabo por medio de este sitio web, est\u00e1n sujetas a un proceso de confirmaci\u00f3n y verificaci\u00f3n, el cual podr\u00eda incluir la verificaci\u00f3n del pago realizado, disponibilidad del producto, validaci\u00f3n de la forma de pago, validaci\u00f3n de la factura y el cumplimiento de las condiciones requeridas por el medio de pago seleccionado. En algunos casos puede que se requiera una verificaci\u00f3n por medio de correo electr\u00f3nico.<\/li><\/ol><ol start=\"7\"><li>POL\u00cdTICA DE ANULACIONES Y\/O DEVOLUCIONES DE PAGO: Una vez realizado el pago de alguno de nuestros productos o servicios mediante alguna plataforma de pago electr\u00f3nico, el mismo no podr\u00e1 ser anulado o revertido de manera autom\u00e1tica, sino que deber\u00e1 tramitarse una solicitud de devoluci\u00f3n de fondos.\u00a0 En caso de que un usuario requiera alg\u00fan tipo de devoluci\u00f3n de fondos por cualquier tipo de motivo, despu\u00e9s de haber realizado el pago, deber\u00e1 llenar el formulario respectivo que podr\u00e1 solicitar al departamento administrativo de\u00a0<a href=\"https:\/\/jararicofirm.com\/\" target=\"_blank\" rel=\"noopener\">Jara Rico Firma de Abogados<\/a>.\u00a0 Una vez enviado dicho formulario incluyendo toda la informaci\u00f3n requerida en el mismo, el usuario recibir\u00e1 de parte de\u00a0<a href=\"https:\/\/jararicofirm.com\/\" target=\"_blank\" rel=\"noopener\">Jara Rico Firma de Abogados<\/a>, un mensaje de correo electr\u00f3nico que servir\u00e1 de acuse de recibo de la solicitud respectiva. Este mensaje de correo electr\u00f3nico indicar\u00e1 el ID o n\u00famero de gesti\u00f3n mediante la cual se identificar\u00e1 la solicitud correspondiente.\u00a0<a href=\"https:\/\/jararicofirm.com\/\" target=\"_blank\" rel=\"noopener\">Jara Rico Firma de Abogados<\/a>\u00a0 contar\u00e1 con un m\u00e1ximo de 10 d\u00edas h\u00e1biles a partir de la fecha de acuse de recibo de la solicitud para emitir una resoluci\u00f3n y comunicarla v\u00eda correo electr\u00f3nico al usuario solicitante.\u00a0 Cabe recalcar que\u00a0<a href=\"https:\/\/jararicofirm.com\/\" target=\"_blank\" rel=\"noopener\">Jara Rico Firma de Abogados<\/a>\u00a0 se reserva el derecho de realizar una devoluci\u00f3n total y\/o parcial despu\u00e9s de evaluar cada solicitud de manera individual.\u00a0 En caso de que, despu\u00e9s de haber analizado su gesti\u00f3n de devoluci\u00f3n de pago,\u00a0<a href=\"https:\/\/jararicofirm.com\/\" target=\"_blank\" rel=\"noopener\">Jara Rico Firma de Abogados<\/a>\u00a0\u00a0resuelva realizar una devoluci\u00f3n de pago parcial o total, dicha devoluci\u00f3n se realizar\u00e1 a\u00a0 la misma tarjeta de cr\u00e9dito o d\u00e9bito con la que se realiz\u00f3 el pago.<\/li><\/ol><ol start=\"8\"><li>INFORMACI\u00d3N NO PERSONAL O COMERCIAL:\u00a0<a href=\"https:\/\/jararicofirm.com\/\" target=\"_blank\" rel=\"noopener\">Jara Rico Firma de Abogados\u00a0<\/a>podr\u00e1 recopilar otro tipo de informaci\u00f3n para su uso exclusivo tal como:\u00a0 Informaci\u00f3n de su navegador: Direcci\u00f3n de IP, resoluci\u00f3n de pantalla, tipo de sistema operativo (Windows o Mac) y versi\u00f3n, tipo de navegador de Internet y versi\u00f3n, tiempo de la visita y las p\u00e1ginas visitadas. Esta informaci\u00f3n es para el diagn\u00f3stico de nuestro propio sitio y no tiene ning\u00fan inter\u00e9s comercial.\u00a0 Cookies: \u201cCookies\u201d son porciones de informaci\u00f3n almacenada directamente en su computadora que permiten reconocer su computador para futuras visitas. Por medio de las Cookies se recopila informaci\u00f3n como p\u00e1ginas visitadas, tiempo en el sitio, idiomas, entre otros. Las cookies nos ayudar\u00e1n a mejorar los protocolos de seguridad de la p\u00e1gina para que sean m\u00e1s eficaces. Se podr\u00e1n utilizar Cookies para mostrarle publicidad m\u00e1s cercana a sus gustos.\u00a0 Uso de tags, pixel, contadores de visitantes, GIF transparentes u otras tecnolog\u00edas.\u00a0 Esta informaci\u00f3n podr\u00eda ser utilizada en relaci\u00f3n con algunas otras p\u00e1ginas web y\/o mensajes del formato HTML para, entre otras cosas, darles seguimiento a las acciones de los usuarios del Sitio y destinatarios de correos electr\u00f3nicos, medir el \u00e9xito de nuestras campa\u00f1as comerciales y compilar estad\u00edsticas sobre el uso del Sitio e \u00edndice de respuestas.<\/li><\/ol><ol start=\"9\"><li>GESTI\u00d3N DE SU INFORMACI\u00d3N: Se le remitir\u00e1 un estado de su cuenta y una factura electr\u00f3nica de acuerdo al producto adquirido. No nos hacemos responsables por la informaci\u00f3n personal o comercial que usted mismo o terceros con conocimiento de sus claves modifiquen o supriman de nuestro sitio dado que no tenemos control sobre dichas acciones.<\/li><\/ol><ol start=\"10\"><li>OTROS SITIOS: La presente pol\u00edtica de privacidad tan solo aplica para la informaci\u00f3n suministrada en el SITIO y no en sitios de terceros. Los enlaces aqu\u00ed sugeridos son propiedad de terceras personas y<u>\u00a0<\/u><a href=\"https:\/\/jararicofirm.com\/\" target=\"_blank\" rel=\"noopener\">Jara Rico Firma de Abogados<\/a>\u00a0manifiesta que ha enlazado sitios con sus propias pol\u00edticas de privacidad.<u>\u00a0<\/u><a href=\"https:\/\/jararicofirm.com\/\" target=\"_blank\" rel=\"noopener\">Jara Rico Firma de Abogados<\/a>\u00a0no se hace responsable por el contenido, la seguridad y las pr\u00e1cticas de privacidad empleadas por otros sitios. La informaci\u00f3n que divulgue a otras partes o a trav\u00e9s de dichos sitios est\u00e1 sujeta a las pr\u00e1cticas y pol\u00edticas de privacidad de esas partes o esos sitios.<\/li><\/ol><ol start=\"11\"><li>USUARIOS INTERNACIONALES: Este sitio es operado y administrado por\u00a0<a href=\"https:\/\/jararicofirm.com\/\" target=\"_blank\" rel=\"noopener\">Jara Rico Firma de Abogados<\/a>\u00a0desde Costa Rica y le aplica las leyes de la Rep\u00fablica de Costa Rica. Si usted accede a esta p\u00e1gina desde un lugar distinto de Costa Rica, debe entender que le aplica la presente Pol\u00edtica de Privacidad.\u00a0<a href=\"https:\/\/jararicofirm.com\/\" target=\"_blank\" rel=\"noopener\">Jara Rico Firma de Abogados<\/a>\u00a0se somete a las leyes y jurisdicci\u00f3n de la Rep\u00fablica de Costa Rica y el usuario acepta que cualquier acceso que realice desde otro pa\u00eds no obliga a\u00a0<a href=\"https:\/\/jararicofirm.com\/\" target=\"_blank\" rel=\"noopener\">Jara Rico Firma de Abogados<\/a>\u00a0a las leyes de ese pa\u00eds ni a su jurisdicci\u00f3n.<\/li><\/ol><ol start=\"12\"><li>CAMBIOS A ESTA POL\u00cdTICA:\u00a0<a href=\"https:\/\/jararicofirm.com\/\" target=\"_blank\" rel=\"noopener\">Jara Rico Firma de Abogados<\/a>\u00a0se reserva el derecho de realizar cambios no sustanciales a la presente Pol\u00edtica de Privacidad. Cualquier cambio realizado a la pol\u00edtica ser\u00e1 actualizado en el sitio.\u00a0 Recomendamos revisar regularmente la presente Pol\u00edtica para verificar cualquier cambio. \u00a0El usuario acepta con el uso de nuestras aplicaciones que ha le\u00eddo y conoce de estas Pol\u00edticas de Privacidad, que pueden ser visualizadas en cualquier momento desde el sitio y se compromete a acatarlas y respetarlas.<\/li><\/ol>\t\t\t\t\t\t\t\t<\/div>\n\t\t\t\t<\/div>\n\t\t\t\t\t<\/div>\n\t\t\t\t<\/div>\n\t\t\t\t\t<\/div>\n\t\t\t\t<\/div>\n\t\t\t\t<\/div>\n\t\t","protected":false},"excerpt":{"rendered":"<p>Pol\u00edtica de Privacidad Es requisito necesario para la adquisici\u00f3n de los productos que se ofrecen en este sitio, que lea y acepte los siguientes T\u00e9rminos y Condiciones de Uso que a continuaci\u00f3n se redactan. La compra de nuestros servicios, implicar\u00e1 que usted ha le\u00eddo y aceptado los T\u00e9rminos y Condiciones de Uso en el presente [&hellip;]<\/p>\n","protected":false},"author":4,"featured_media":0,"parent":0,"menu_order":0,"comment_status":"closed","ping_status":"closed","template":"","meta":{"content-type":"","footnotes":""},"class_list":["post-796","page","type-page","status-publish","hentry"],"acf":[],"_links":{"self":[{"href":"https:\/\/jararicofirm.com\/es\/wp-json\/wp\/v2\/pages\/796","targetHints":{"allow":["GET"]}}],"collection":[{"href":"https:\/\/jararicofirm.com\/es\/wp-json\/wp\/v2\/pages"}],"about":[{"href":"https:\/\/jararicofirm.com\/es\/wp-json\/wp\/v2\/types\/page"}],"author":[{"embeddable":true,"href":"https:\/\/jararicofirm.com\/es\/wp-json\/wp\/v2\/users\/4"}],"replies":[{"embeddable":true,"href":"https:\/\/jararicofirm.com\/es\/wp-json\/wp\/v2\/comments?post=796"}],"version-history":[{"count":13,"href":"https:\/\/jararicofirm.com\/es\/wp-json\/wp\/v2\/pages\/796\/revisions"}],"predecessor-version":[{"id":1640,"href":"https:\/\/jararicofirm.com\/es\/wp-json\/wp\/v2\/pages\/796\/revisions\/1640"}],"wp:attachment":[{"href":"https:\/\/jararicofirm.com\/es\/wp-json\/wp\/v2\/media?parent=796"}],"curies":[{"name":"wp","href":"https:\/\/api.w.org\/{rel}","templated":true}]}}