{"id":1079,"date":"2024-06-18T10:57:54","date_gmt":"2024-06-18T16:57:54","guid":{"rendered":"https:\/\/jararicofirm.com\/?page_id=1079"},"modified":"2024-06-25T10:18:28","modified_gmt":"2024-06-25T16:18:28","slug":"propiedad-intelectual","status":"publish","type":"page","link":"https:\/\/jararicofirm.com\/es\/propiedad-intelectual\/","title":{"rendered":"PROPIEDAD INTELECTUAL"},"content":{"rendered":"\t\t<div data-elementor-type=\"wp-page\" data-elementor-id=\"1079\" class=\"elementor elementor-1079\" data-elementor-post-type=\"page\">\n\t\t\t\t<div class=\"elementor-element elementor-element-4acd32b e-flex e-con-boxed e-con e-parent\" data-id=\"4acd32b\" data-element_type=\"container\" data-e-type=\"container\" data-settings=\"{&quot;background_background&quot;:&quot;classic&quot;}\">\n\t\t\t\t\t<div class=\"e-con-inner\">\n\t\t<div class=\"elementor-element elementor-element-89675eb e-con-full e-flex e-con e-child\" data-id=\"89675eb\" data-element_type=\"container\" data-e-type=\"container\">\n\t\t\t\t<div class=\"elementor-element elementor-element-d0450b2 elementor-widget elementor-widget-heading\" data-id=\"d0450b2\" data-element_type=\"widget\" data-e-type=\"widget\" data-widget_type=\"heading.default\">\n\t\t\t\t<div class=\"elementor-widget-container\">\n\t\t\t\t\t<h2 class=\"elementor-heading-title elementor-size-default\">\u00c1reas de pr\u00e1ctica<\/h2>\t\t\t\t<\/div>\n\t\t\t\t<\/div>\n\t\t\t\t<div class=\"elementor-element elementor-element-d1c8615 elementor-widget-divider--view-line elementor-widget elementor-widget-divider\" data-id=\"d1c8615\" data-element_type=\"widget\" data-e-type=\"widget\" data-widget_type=\"divider.default\">\n\t\t\t\t<div class=\"elementor-widget-container\">\n\t\t\t\t\t\t\t<div class=\"elementor-divider\">\n\t\t\t<span class=\"elementor-divider-separator\">\n\t\t\t\t\t\t<\/span>\n\t\t<\/div>\n\t\t\t\t\t\t<\/div>\n\t\t\t\t<\/div>\n\t\t\t\t<div class=\"elementor-element elementor-element-0cc234c elementor-mobile-align-left elementor-widget elementor-widget-button\" data-id=\"0cc234c\" data-element_type=\"widget\" data-e-type=\"widget\" data-widget_type=\"button.default\">\n\t\t\t\t<div class=\"elementor-widget-container\">\n\t\t\t\t\t\t\t\t\t<div class=\"elementor-button-wrapper\">\n\t\t\t\t\t<a class=\"elementor-button elementor-button-link elementor-size-sm\" href=\"https:\/\/jararicofirm.com\/areas-de-practica\/\">\n\t\t\t\t\t\t<span class=\"elementor-button-content-wrapper\">\n\t\t\t\t\t\t<span class=\"elementor-button-icon\">\n\t\t\t\t<svg xmlns=\"http:\/\/www.w3.org\/2000\/svg\" width=\"36\" height=\"22\" viewBox=\"0 0 36 22\" fill=\"none\"><path d=\"M12 2L3 11L12 20\" stroke=\"#43CAFF\" stroke-width=\"3\"><\/path><path d=\"M4 11H36\" stroke=\"#43CAFF\" stroke-width=\"3\"><\/path><\/svg>\t\t\t<\/span>\n\t\t\t\t\t\t\t\t\t<span class=\"elementor-button-text\">Volver<\/span>\n\t\t\t\t\t<\/span>\n\t\t\t\t\t<\/a>\n\t\t\t\t<\/div>\n\t\t\t\t\t\t\t\t<\/div>\n\t\t\t\t<\/div>\n\t\t\t\t<\/div>\n\t\t\t\t\t<\/div>\n\t\t\t\t<\/div>\n\t\t<div class=\"elementor-element elementor-element-12056f5 e-flex e-con-boxed e-con e-parent\" data-id=\"12056f5\" data-element_type=\"container\" data-e-type=\"container\" data-settings=\"{&quot;background_background&quot;:&quot;classic&quot;}\">\n\t\t\t\t\t<div class=\"e-con-inner\">\n\t\t<div class=\"elementor-element elementor-element-9b1be4b e-flex e-con-boxed e-con e-child\" data-id=\"9b1be4b\" data-element_type=\"container\" data-e-type=\"container\">\n\t\t\t\t\t<div class=\"e-con-inner\">\n\t\t<div class=\"elementor-element elementor-element-d16b32f e-con-full e-flex e-con e-child\" data-id=\"d16b32f\" data-element_type=\"container\" data-e-type=\"container\">\n\t\t\t\t<div class=\"elementor-element elementor-element-dc099f0 elementor-widget elementor-widget-heading\" data-id=\"dc099f0\" data-element_type=\"widget\" data-e-type=\"widget\" data-widget_type=\"heading.default\">\n\t\t\t\t<div class=\"elementor-widget-container\">\n\t\t\t\t\t<h2 class=\"elementor-heading-title elementor-size-default\">PROPIEDAD INTELECTUAL<\/h2>\t\t\t\t<\/div>\n\t\t\t\t<\/div>\n\t\t<div class=\"elementor-element elementor-element-ecadc6d e-flex e-con-boxed e-con e-child\" data-id=\"ecadc6d\" data-element_type=\"container\" data-e-type=\"container\" data-settings=\"{&quot;background_background&quot;:&quot;classic&quot;}\">\n\t\t\t\t\t<div class=\"e-con-inner\">\n\t\t\t\t<div class=\"elementor-element elementor-element-d88c64f elementor-widget elementor-widget-text-editor\" data-id=\"d88c64f\" data-element_type=\"widget\" data-e-type=\"widget\" data-widget_type=\"text-editor.default\">\n\t\t\t\t<div class=\"elementor-widget-container\">\n\t\t\t\t\t\t\t\t\t<p>Tenemos un equipo de abogados especializados en la protecci\u00f3n de los activos intangibles de nuestros clientes. Tambi\u00e9n brindamos asesor\u00eda en litigios de propiedad intelectual, incluyendo oposiciones y objeciones de marcas comerciales, as\u00ed como en juicios de cancelaci\u00f3n o nulidad de registros y juicios de competencia desleal.<\/p><p><br \/>Nuestros servicios en esta \u00e1rea incluye:<\/p>\t\t\t\t\t\t\t\t<\/div>\n\t\t\t\t<\/div>\n\t\t\t\t<div class=\"elementor-element elementor-element-b36355d elementor-icon-list--layout-traditional elementor-list-item-link-full_width elementor-widget elementor-widget-icon-list\" data-id=\"b36355d\" data-element_type=\"widget\" data-e-type=\"widget\" data-widget_type=\"icon-list.default\">\n\t\t\t\t<div class=\"elementor-widget-container\">\n\t\t\t\t\t\t\t<ul class=\"elementor-icon-list-items\">\n\t\t\t\t\t\t\t<li class=\"elementor-icon-list-item\">\n\t\t\t\t\t\t\t\t\t\t\t<span class=\"elementor-icon-list-icon\">\n\t\t\t\t\t\t\t<svg xmlns=\"http:\/\/www.w3.org\/2000\/svg\" width=\"24\" height=\"2\" viewBox=\"0 0 24 2\" fill=\"none\"><line y1=\"1\" x2=\"24\" y2=\"1\" stroke=\"#43CAFF\" stroke-width=\"2\"><\/line><\/svg>\t\t\t\t\t\t<\/span>\n\t\t\t\t\t\t\t\t\t\t<span class=\"elementor-icon-list-text\">Elaboraci\u00f3n de contratos de propiedad intelectual<\/span>\n\t\t\t\t\t\t\t\t\t<\/li>\n\t\t\t\t\t\t\t\t<li class=\"elementor-icon-list-item\">\n\t\t\t\t\t\t\t\t\t\t\t<span class=\"elementor-icon-list-icon\">\n\t\t\t\t\t\t\t<svg xmlns=\"http:\/\/www.w3.org\/2000\/svg\" width=\"24\" height=\"2\" viewBox=\"0 0 24 2\" fill=\"none\"><line y1=\"1\" x2=\"24\" y2=\"1\" stroke=\"#43CAFF\" stroke-width=\"2\"><\/line><\/svg>\t\t\t\t\t\t<\/span>\n\t\t\t\t\t\t\t\t\t\t<span class=\"elementor-icon-list-text\">Servicios de b\u00fasquedas<\/span>\n\t\t\t\t\t\t\t\t\t<\/li>\n\t\t\t\t\t\t\t\t<li class=\"elementor-icon-list-item\">\n\t\t\t\t\t\t\t\t\t\t\t<span class=\"elementor-icon-list-icon\">\n\t\t\t\t\t\t\t<svg xmlns=\"http:\/\/www.w3.org\/2000\/svg\" width=\"24\" height=\"2\" viewBox=\"0 0 24 2\" fill=\"none\"><line y1=\"1\" x2=\"24\" y2=\"1\" stroke=\"#43CAFF\" stroke-width=\"2\"><\/line><\/svg>\t\t\t\t\t\t<\/span>\n\t\t\t\t\t\t\t\t\t\t<span class=\"elementor-icon-list-text\">Protecci\u00f3n de derechos de autor (software, obras literarias, art\u00edsticas y derechos conexos)<\/span>\n\t\t\t\t\t\t\t\t\t<\/li>\n\t\t\t\t\t\t\t\t<li class=\"elementor-icon-list-item\">\n\t\t\t\t\t\t\t\t\t\t\t<span class=\"elementor-icon-list-icon\">\n\t\t\t\t\t\t\t<svg xmlns=\"http:\/\/www.w3.org\/2000\/svg\" width=\"24\" height=\"2\" viewBox=\"0 0 24 2\" fill=\"none\"><line y1=\"1\" x2=\"24\" y2=\"1\" stroke=\"#43CAFF\" stroke-width=\"2\"><\/line><\/svg>\t\t\t\t\t\t<\/span>\n\t\t\t\t\t\t\t\t\t\t<span class=\"elementor-icon-list-text\">Protecci\u00f3n de marcas, signos distintivos, nombres comerciales y nombres de dominio<\/span>\n\t\t\t\t\t\t\t\t\t<\/li>\n\t\t\t\t\t\t\t\t<li class=\"elementor-icon-list-item\">\n\t\t\t\t\t\t\t\t\t\t\t<span class=\"elementor-icon-list-icon\">\n\t\t\t\t\t\t\t<svg xmlns=\"http:\/\/www.w3.org\/2000\/svg\" width=\"24\" height=\"2\" viewBox=\"0 0 24 2\" fill=\"none\"><line y1=\"1\" x2=\"24\" y2=\"1\" stroke=\"#43CAFF\" stroke-width=\"2\"><\/line><\/svg>\t\t\t\t\t\t<\/span>\n\t\t\t\t\t\t\t\t\t\t<span class=\"elementor-icon-list-text\">Protecci\u00f3n de patentes de invenci\u00f3n, modelos de utilidad, dise\u00f1os industriales y secretos industriales y comerciales<\/span>\n\t\t\t\t\t\t\t\t\t<\/li>\n\t\t\t\t\t\t\t\t<li class=\"elementor-icon-list-item\">\n\t\t\t\t\t\t\t\t\t\t\t<span class=\"elementor-icon-list-icon\">\n\t\t\t\t\t\t\t<svg xmlns=\"http:\/\/www.w3.org\/2000\/svg\" width=\"24\" height=\"2\" viewBox=\"0 0 24 2\" fill=\"none\"><line y1=\"1\" x2=\"24\" y2=\"1\" stroke=\"#43CAFF\" stroke-width=\"2\"><\/line><\/svg>\t\t\t\t\t\t<\/span>\n\t\t\t\t\t\t\t\t\t\t<span class=\"elementor-icon-list-text\">Registros sanitarios<\/span>\n\t\t\t\t\t\t\t\t\t<\/li>\n\t\t\t\t\t\t\t\t<li class=\"elementor-icon-list-item\">\n\t\t\t\t\t\t\t\t\t\t\t<span class=\"elementor-icon-list-icon\">\n\t\t\t\t\t\t\t<svg xmlns=\"http:\/\/www.w3.org\/2000\/svg\" width=\"24\" height=\"2\" viewBox=\"0 0 24 2\" fill=\"none\"><line y1=\"1\" x2=\"24\" y2=\"1\" stroke=\"#43CAFF\" stroke-width=\"2\"><\/line><\/svg>\t\t\t\t\t\t<\/span>\n\t\t\t\t\t\t\t\t\t\t<span class=\"elementor-icon-list-text\">Tr\u00e1mites registrales<\/span>\n\t\t\t\t\t\t\t\t\t<\/li>\n\t\t\t\t\t\t<\/ul>\n\t\t\t\t\t\t<\/div>\n\t\t\t\t<\/div>\n\t\t\t\t\t<\/div>\n\t\t\t\t<\/div>\n\t\t\t\t<\/div>\n\t\t<div class=\"elementor-element elementor-element-b9da573 e-con-full e-flex e-con e-child\" data-id=\"b9da573\" data-element_type=\"container\" data-e-type=\"container\">\n\t\t<div class=\"elementor-element elementor-element-fd14661 e-con-full e-flex e-con e-child\" data-id=\"fd14661\" data-element_type=\"container\" data-e-type=\"container\">\n\t\t\t\t<div class=\"elementor-element elementor-element-115b965 elementor-widget elementor-widget-image\" data-id=\"115b965\" data-element_type=\"widget\" data-e-type=\"widget\" data-widget_type=\"image.default\">\n\t\t\t\t<div class=\"elementor-widget-container\">\n\t\t\t\t\t\t\t\t\t\t\t\t\t\t\t<img fetchpriority=\"high\" decoding=\"async\" width=\"653\" height=\"539\" src=\"https:\/\/jararicofirm.com\/wp-content\/uploads\/2024\/06\/PROPIEDAD-INTELECTUAL15.png\" class=\"attachment-full size-full wp-image-917\" alt=\"\" \/>\t\t\t\t\t\t\t\t\t\t\t\t\t\t\t<\/div>\n\t\t\t\t<\/div>\n\t\t<div class=\"elementor-element elementor-element-a420437 e-flex e-con-boxed e-con e-child\" data-id=\"a420437\" data-element_type=\"container\" data-e-type=\"container\">\n\t\t\t\t\t<div class=\"e-con-inner\">\n\t\t<div class=\"elementor-element elementor-element-8567c77 e-con-full e-flex e-con e-child\" data-id=\"8567c77\" data-element_type=\"container\" data-e-type=\"container\">\n\t\t\t\t<div class=\"elementor-element elementor-element-3d5a443 elementor-widget elementor-widget-button\" data-id=\"3d5a443\" data-element_type=\"widget\" data-e-type=\"widget\" data-widget_type=\"button.default\">\n\t\t\t\t<div class=\"elementor-widget-container\">\n\t\t\t\t\t\t\t\t\t<div class=\"elementor-button-wrapper\">\n\t\t\t\t\t<a class=\"elementor-button elementor-button-link elementor-size-sm\" href=\"https:\/\/api.whatsapp.com\/send\/?phone=50684556166&#038;text&#038;type=phone_number&#038;app_absent=0\" target=\"_blank\" rel=\"nofollow noopener\">\n\t\t\t\t\t\t<span class=\"elementor-button-content-wrapper\">\n\t\t\t\t\t\t<span class=\"elementor-button-icon\">\n\t\t\t\t<svg xmlns=\"http:\/\/www.w3.org\/2000\/svg\" width=\"36\" height=\"36\" viewBox=\"0 0 36 36\" fill=\"none\"><g clip-path=\"url(#clip0_36_575)\"><path d=\"M30.7552 5.23099C27.6814 2.16999 23.595 0.325384 19.2569 0.0406372C14.9187 -0.244109 10.6244 1.05041 7.1736 3.68315C3.72278 6.3159 1.35062 10.1074 0.498801 14.3518C-0.35302 18.5962 0.373554 23.0041 2.54324 26.7548L0 35.9998L9.50305 33.5188C12.1308 34.9441 15.0757 35.6904 18.0682 35.6894H18.0755C21.62 35.6892 25.0849 34.6429 28.0323 32.6827C30.9796 30.7224 33.277 27.9363 34.634 24.6764C35.9911 21.4165 36.3469 17.8293 35.6565 14.3681C34.9661 10.907 33.2605 7.72726 30.7552 5.23099ZM18.0755 32.6772H18.0706C15.4024 32.6784 12.783 31.9647 10.4872 30.6109L9.94153 30.2884L4.30451 31.7605L5.80999 26.2916L5.45432 25.729C3.69867 22.9436 2.92254 19.6565 3.24793 16.3841C3.57332 13.1118 4.98178 10.0399 7.25191 7.65139C9.52205 5.26283 12.5251 3.69304 15.789 3.18879C19.053 2.68454 22.3927 3.27442 25.2832 4.8657C28.1737 6.45698 30.451 8.95943 31.7573 11.9797C33.0635 14.9999 33.3246 18.3667 32.4994 21.5507C31.6742 24.7348 29.8096 27.5555 27.1987 29.5696C24.5877 31.5836 21.3785 32.6768 18.0755 32.6772Z\" fill=\"white\"><\/path><path fill-rule=\"evenodd\" clip-rule=\"evenodd\" d=\"M26.8429 24.2135C26.4702 25.2539 24.6431 26.258 23.8198 26.3332C22.9964 26.4083 22.229 26.7018 18.4458 25.2176C13.8953 23.4302 11.0207 18.7859 10.7966 18.4876C10.5725 18.1893 8.96714 16.0696 8.96714 13.8772C8.95444 13.1826 9.08739 12.493 9.35752 11.8524C9.62765 11.2118 10.029 10.6344 10.536 10.1569C10.6853 9.9868 10.8686 9.8494 11.074 9.75338C11.2795 9.65737 11.5027 9.60484 11.7296 9.59912L12.5871 9.61125C12.9062 9.62337 13.2595 9.63792 13.5956 10.38C13.9927 11.2628 14.8648 13.4674 14.9769 13.6905C15.0476 13.8074 15.0879 13.94 15.0943 14.0763C15.1007 14.2127 15.0729 14.3484 15.0134 14.4714C14.9006 14.7397 14.7497 14.9904 14.5652 15.2159C14.3411 15.4754 14.095 15.7956 13.8928 15.9969C13.6687 16.2176 13.4349 16.4601 13.698 16.9063C14.3705 18.0519 15.2095 19.0923 16.1876 19.9936C17.2506 20.9334 18.4698 21.6818 19.7905 22.2054C20.2388 22.4285 20.4994 22.3922 20.7601 22.0939C21.0207 21.7956 21.8782 20.7915 22.1779 20.3453C22.4775 19.899 22.7747 19.9742 23.1864 20.1222C23.5981 20.2701 25.7978 21.3493 26.2461 21.5724C26.6943 21.7956 26.9939 21.9071 27.1036 22.0939C27.2132 22.2806 27.2156 23.1731 26.8429 24.2135Z\" fill=\"white\"><\/path><\/g><defs><clipPath id=\"clip0_36_575\"><rect width=\"36\" height=\"36\" fill=\"white\"><\/rect><\/clipPath><\/defs><\/svg>\t\t\t<\/span>\n\t\t\t\t\t\t\t\t\t<span class=\"elementor-button-text\">Escr\u00edbenos<\/span>\n\t\t\t\t\t<\/span>\n\t\t\t\t\t<\/a>\n\t\t\t\t<\/div>\n\t\t\t\t\t\t\t\t<\/div>\n\t\t\t\t<\/div>\n\t\t\t\t<\/div>\n\t\t<div class=\"elementor-element elementor-element-85cc087 e-con-full e-flex e-con e-child\" data-id=\"85cc087\" data-element_type=\"container\" data-e-type=\"container\">\n\t\t\t\t<div class=\"elementor-element elementor-element-d3035cd elementor-mobile-align-right elementor-align-right elementor-widget elementor-widget-button\" data-id=\"d3035cd\" data-element_type=\"widget\" data-e-type=\"widget\" data-widget_type=\"button.default\">\n\t\t\t\t<div class=\"elementor-widget-container\">\n\t\t\t\t\t\t\t\t\t<div class=\"elementor-button-wrapper\">\n\t\t\t\t\t<a class=\"elementor-button elementor-button-link elementor-size-sm\" href=\"https:\/\/jararicofirm.com\/politica-de-privacidad\/\">\n\t\t\t\t\t\t<span class=\"elementor-button-content-wrapper\">\n\t\t\t\t\t\t\t\t\t<span class=\"elementor-button-text\">Pol\u00edtica de Privacidad<\/span>\n\t\t\t\t\t<\/span>\n\t\t\t\t\t<\/a>\n\t\t\t\t<\/div>\n\t\t\t\t\t\t\t\t<\/div>\n\t\t\t\t<\/div>\n\t\t\t\t<\/div>\n\t\t\t\t\t<\/div>\n\t\t\t\t<\/div>\n\t\t\t\t<\/div>\n\t\t\t\t<\/div>\n\t\t\t\t\t<\/div>\n\t\t\t\t<\/div>\n\t\t\t\t\t<\/div>\n\t\t\t\t<\/div>\n\t\t\t\t<\/div>\n\t\t","protected":false},"excerpt":{"rendered":"<p>\u00c1reas de pr\u00e1ctica Volver PROPIEDAD INTELECTUAL Tenemos un equipo de abogados especializados en la protecci\u00f3n de los activos intangibles de nuestros clientes. Tambi\u00e9n brindamos asesor\u00eda en litigios de propiedad intelectual, incluyendo oposiciones y objeciones de marcas comerciales, as\u00ed como en juicios de cancelaci\u00f3n o nulidad de registros y juicios de competencia desleal. Nuestros servicios en [&hellip;]<\/p>\n","protected":false},"author":4,"featured_media":751,"parent":0,"menu_order":0,"comment_status":"closed","ping_status":"closed","template":"","meta":{"content-type":"","footnotes":""},"class_list":["post-1079","page","type-page","status-publish","has-post-thumbnail","hentry"],"acf":[],"_links":{"self":[{"href":"https:\/\/jararicofirm.com\/es\/wp-json\/wp\/v2\/pages\/1079","targetHints":{"allow":["GET"]}}],"collection":[{"href":"https:\/\/jararicofirm.com\/es\/wp-json\/wp\/v2\/pages"}],"about":[{"href":"https:\/\/jararicofirm.com\/es\/wp-json\/wp\/v2\/types\/page"}],"author":[{"embeddable":true,"href":"https:\/\/jararicofirm.com\/es\/wp-json\/wp\/v2\/users\/4"}],"replies":[{"embeddable":true,"href":"https:\/\/jararicofirm.com\/es\/wp-json\/wp\/v2\/comments?post=1079"}],"version-history":[{"count":11,"href":"https:\/\/jararicofirm.com\/es\/wp-json\/wp\/v2\/pages\/1079\/revisions"}],"predecessor-version":[{"id":1523,"href":"https:\/\/jararicofirm.com\/es\/wp-json\/wp\/v2\/pages\/1079\/revisions\/1523"}],"wp:featuredmedia":[{"embeddable":true,"href":"https:\/\/jararicofirm.com\/es\/wp-json\/wp\/v2\/media\/751"}],"wp:attachment":[{"href":"https:\/\/jararicofirm.com\/es\/wp-json\/wp\/v2\/media?parent=1079"}],"curies":[{"name":"wp","href":"https:\/\/api.w.org\/{rel}","templated":true}]}}