{"id":930,"date":"2024-06-17T11:27:39","date_gmt":"2024-06-17T17:27:39","guid":{"rendered":"https:\/\/jararicofirm.com\/?page_id=930"},"modified":"2024-06-25T10:09:50","modified_gmt":"2024-06-25T16:09:50","slug":"derecho-constitucional","status":"publish","type":"page","link":"https:\/\/jararicofirm.com\/en\/derecho-constitucional\/","title":{"rendered":"CONSTITUTIONAL LAW"},"content":{"rendered":"<div data-elementor-type=\"wp-page\" data-elementor-id=\"930\" class=\"elementor elementor-930\" data-elementor-post-type=\"page\">\n\t\t\t\t<div class=\"elementor-element elementor-element-4acd32b e-flex e-con-boxed e-con e-parent\" data-id=\"4acd32b\" data-element_type=\"container\" data-e-type=\"container\" data-settings=\"{&quot;background_background&quot;:&quot;classic&quot;}\">\n\t\t\t\t\t<div class=\"e-con-inner\">\n\t\t<div class=\"elementor-element elementor-element-89675eb e-con-full e-flex e-con e-child\" data-id=\"89675eb\" data-element_type=\"container\" data-e-type=\"container\">\n\t\t\t\t<div class=\"elementor-element elementor-element-d0450b2 elementor-widget elementor-widget-heading\" data-id=\"d0450b2\" data-element_type=\"widget\" data-e-type=\"widget\" data-widget_type=\"heading.default\">\n\t\t\t\t<div class=\"elementor-widget-container\">\n\t\t\t\t\t<h2 class=\"elementor-heading-title elementor-size-default\">Practice areas<\/h2>\t\t\t\t<\/div>\n\t\t\t\t<\/div>\n\t\t\t\t<div class=\"elementor-element elementor-element-d1c8615 elementor-widget-divider--view-line elementor-widget elementor-widget-divider\" data-id=\"d1c8615\" data-element_type=\"widget\" data-e-type=\"widget\" data-widget_type=\"divider.default\">\n\t\t\t\t<div class=\"elementor-widget-container\">\n\t\t\t\t\t\t\t<div class=\"elementor-divider\">\n\t\t\t<span class=\"elementor-divider-separator\">\n\t\t\t\t\t\t<\/span>\n\t\t<\/div>\n\t\t\t\t\t\t<\/div>\n\t\t\t\t<\/div>\n\t\t\t\t<div class=\"elementor-element elementor-element-0cc234c elementor-mobile-align-left elementor-widget elementor-widget-button\" data-id=\"0cc234c\" data-element_type=\"widget\" data-e-type=\"widget\" data-widget_type=\"button.default\">\n\t\t\t\t<div class=\"elementor-widget-container\">\n\t\t\t\t\t\t\t\t\t<div class=\"elementor-button-wrapper\">\n\t\t\t\t\t<a class=\"elementor-button elementor-button-link elementor-size-sm\" href=\"https:\/\/jararicofirm.com\/areas-de-practica\/\">\n\t\t\t\t\t\t<span class=\"elementor-button-content-wrapper\">\n\t\t\t\t\t\t<span class=\"elementor-button-icon\">\n\t\t\t\t<svg xmlns=\"http:\/\/www.w3.org\/2000\/svg\" width=\"36\" height=\"22\" viewbox=\"0 0 36 22\" fill=\"none\"><path d=\"M12 2L3 11L12 20\" stroke=\"#43CAFF\" stroke-width=\"3\"><\/path><path d=\"M4 11H36\" stroke=\"#43CAFF\" stroke-width=\"3\"><\/path><\/svg>\t\t\t<\/span>\n\t\t\t\t\t\t\t\t\t<span class=\"elementor-button-text\">Go Back<\/span>\n\t\t\t\t\t<\/span>\n\t\t\t\t\t<\/a>\n\t\t\t\t<\/div>\n\t\t\t\t\t\t\t\t<\/div>\n\t\t\t\t<\/div>\n\t\t\t\t<\/div>\n\t\t\t\t\t<\/div>\n\t\t\t\t<\/div>\n\t\t<div class=\"elementor-element elementor-element-12056f5 e-flex e-con-boxed e-con e-parent\" data-id=\"12056f5\" data-element_type=\"container\" data-e-type=\"container\" data-settings=\"{&quot;background_background&quot;:&quot;classic&quot;}\">\n\t\t\t\t\t<div class=\"e-con-inner\">\n\t\t<div class=\"elementor-element elementor-element-9b1be4b e-flex e-con-boxed e-con e-child\" data-id=\"9b1be4b\" data-element_type=\"container\" data-e-type=\"container\">\n\t\t\t\t\t<div class=\"e-con-inner\">\n\t\t<div class=\"elementor-element elementor-element-d16b32f e-con-full e-flex e-con e-child\" data-id=\"d16b32f\" data-element_type=\"container\" data-e-type=\"container\">\n\t\t\t\t<div class=\"elementor-element elementor-element-dc099f0 elementor-widget elementor-widget-heading\" data-id=\"dc099f0\" data-element_type=\"widget\" data-e-type=\"widget\" data-widget_type=\"heading.default\">\n\t\t\t\t<div class=\"elementor-widget-container\">\n\t\t\t\t\t<h2 class=\"elementor-heading-title elementor-size-default\">CONSTITUTIONAL LAW<\/h2>\t\t\t\t<\/div>\n\t\t\t\t<\/div>\n\t\t<div class=\"elementor-element elementor-element-ecadc6d e-flex e-con-boxed e-con e-child\" data-id=\"ecadc6d\" data-element_type=\"container\" data-e-type=\"container\" data-settings=\"{&quot;background_background&quot;:&quot;classic&quot;}\">\n\t\t\t\t\t<div class=\"e-con-inner\">\n\t\t\t\t<div class=\"elementor-element elementor-element-d88c64f elementor-widget elementor-widget-text-editor\" data-id=\"d88c64f\" data-element_type=\"widget\" data-e-type=\"widget\" data-widget_type=\"text-editor.default\">\n\t\t\t\t<div class=\"elementor-widget-container\">\n\t\t\t\t\t\t\t\t\t<p>In our team we know that in Costa Rica and throughout the world; it is an incontestable truth that the law \u2013 as a study of the legal system \u2013 is a discipline in constant formation, because the legal system is modified by virtue of social, economic and criminal changes, among others. Today the activity of criminal organizations, with great capacities for violence and corrupt public officials, translates into a real crisis for the basic principles of the rule of law collected by the political constitution, as citizenship guarantees designed to protect the accused in the face of the power of the official entities, they have been denatured and placed at the service of genocide and capos of organized crime. I am radically opposed to \u201cde facto\u201d solutions, because with this, democracy is lost as a vehicle for individual freedom. But I do not ignore the need to update, both from within the States and international forums, the constitutional regulations to make effective criminal prosecution without diminishing the fundamental rights of citizens.<\/p><p><br \/>Before the new forms, the conception of constitutional guarantee has changed in some cases: For example, it is evident the disappearance of the res judicata in criminal matters, against crimes under the jurisdiction of the International Criminal Court, since an acquittal sentence is issued by the national courts, the International Criminal Prosecutor\u2019s Office must intervene to open the proceedings before said court. We are witnessing the breaking of paradigms, as soon as the international community has assumed the knowledge of causes, initially of the competence of the internal state courts, to replace in its place the justice that was not applied. Intervention in internal matters of the States, ignorance of the acquittal coming in the character of res judicata by the national courts, questioning the sovereignty and free self-determination of each country, and, to a certain extent, the presumption of innocence because the International Criminal Prosecutor intervenes before an acquittal that considers unfair. The fall of the res judicata drag this list of guarantees.<\/p><p><br \/>Therefore it is more than appropriate and convenient to turn a blind eye to the fundamental norm, since criminal law and criminal procedural law are applied constitutional law. Suffice it to think that the penalty, imprisonment or fine, is the individualized suspension of a constitutional guarantee: freedom or property. But during the course of the criminal process, it is normal to find judicial resolutions that suspend constitutional guarantees, as is the case of the search, whose effect is the temporary loss of the inviolability of the domicile and the right to privacy; the telephone intervention, which suspends the guarantee of the inviolability of communications; etc.<\/p>\t\t\t\t\t\t\t\t<\/div>\n\t\t\t\t<\/div>\n\t\t\t\t<div class=\"elementor-element elementor-element-5c9e4b6 elementor-widget elementor-widget-text-editor\" data-id=\"5c9e4b6\" data-element_type=\"widget\" data-e-type=\"widget\" data-widget_type=\"text-editor.default\">\n\t\t\t\t<div class=\"elementor-widget-container\">\n\t\t\t\t\t\t\t\t\t<ol><li><strong>RESOURCE OF AMPARO<\/strong>: it is summary, part of constitutional parameters that are the political constitution, fundamental rights in treaties, principles, previous vows and watch over all rights except freedom and freedom of transit. It can not be based on laws or regulations since what is alleged are issues of constitutionality and not of legality. One invokes the right and it is up to the administration to prove otherwise. It can occur in a consummated violation, continuous violation or threat of violation, it may have been 8 years that as long as the violation persists it can be filed.<\/li><li><strong>\u00a0RESOURCE OF AMPARO AGAINST PARTICULARS:<\/strong> 1. needs a power relationship. Ex: against the u, an employer, xq there is a relationship of power; if it violates fundamental rights 2- Against private persons in the exercise of public powers (eg street administrators in Puntarenas), 3- It is required that ordinary procedural channels be late to guarantee a right. It is directed against the alleged perpetrator, if it is against a legal person it is against the representative, the company against apparent person or individual responsible.<\/li><li><strong>HABEAS CORPUS<\/strong>: is the forerunner in the protection of fundamental rights, means \u201chas body\u201d and comes from the obligation to present the detainee, appears from the time of the Romans, where in the bets the loser was earned a slave, someone he looked for it and the high commands went to the house where it was supposed to be and forced to exhibit the slave and thus knew where the person was.\nIn a summary constitutional process, where judicial authorities exercise the protection of the right to freedom and personal integrity, as well as the freedom of transit.\nt is a double right, it is fundamental: it is fundamental for judicial protection against privations and procedural to exercise summary proceedings to protect them.\nCharacteristics: sumariedad, celeridad, minimum contradictory, vicarious action, illegitimacy of detention.<\/li><li><strong>TYPOLOGY:<\/strong> evolution over time of resources, there are other ways to violate rights but there are also other forms of habeas.<\/li><li><strong>HABEAS MAIN OR REPAIRER:<\/strong> Article 37, is the traditional, there must be proven evidence, or judicial or administrative mandate.<\/li><li><strong>HABEAS RESTRICTED:<\/strong> abusive surveillance or restriction to different areas. Like the people who make him fixed, a type of police harassment, there is a disturbance to individual freedom they do not stop him but they disturb his freedom.<\/li><li><strong>PREVENTIVE HABEAS<\/strong>: here are possible threats of restriction, there is a possibility that it will happen, there are certain evidences, manifestations of the police, every day they confiscate it and say \u201cyou are going to fall, we are going to stop you\u201d, that is It is preventive that something will happen. It aims to avoid the realization of restrictions or illegal detentions. Preventive of something that can happen.<\/li><li><strong>CORRECTIVE HABEAS:<\/strong> threat or injurious act of the fundamental right to life, physical and psychological integrity or health of the inmates; legitimate detention, but because of that detention is at risk his life as a detained policeman and that this in a prison, or a criminal judge in a prison, will run your life risk. To protect physical freedom, gangs, do not mix indicated with sentenced\nWhen there is certainty there is a duty to compensate, but for doubt there is no duty to compensate, unless it has suffered abuse within the prison in pretrial detention, and is brought in the litigation in civil hacienda process, to claim damages , demonstrating the damage and the causal link. Material damage is quantified either by expertise, physical damage: loss of organic capacity and can be quantified, objective moral damage: impact on my image, is tested with publications, witnesses, what was said. Subjective moral damage: only with circumstantial evidence, witnesses, as it is pain, anguish, suffering. And the causal link must be proven.<\/li><li><strong>INNOVATIVE HABEAS:<\/strong> when the threat has ceased, it is requested that the same behavior not be repeated<\/li><li><strong>CONSTITUTIONAL CONSULTATION<\/strong>: may be optional or mandatory. Another mechanism to determine that the rules are consistent with the constitution.<\/li><li><strong>PRECEPTIVE:<\/strong> mandatory. It can be done by active subjects: judicial consultations, other instances, and legislative ones. He is asked if a certain bill is or is not contrary to the political constitution. When the assembly sees constitutional reform projects, reforms to the law of constitutional jurisdiction, or approval of international conventions or treaties, the Assembly is obliged to consult the room.\nThe consultation is made after the first debate, in the first legislature and before the final one, before the second one.<\/li><li><strong>OPTIONAL:<\/strong> it is for the approval of laws or reforms to the assembly regulations, made by no less than 10 deputies.\nThe consultation to the room is not binding for the Assembly or for herself, the Chamber can reject and then someone files an action of unconstitutionality, and the Chamber can reject it, arguing that it is better if it agrees with the assembly.\nThey can also consult the Court, the TSE and the comptroller's office, when there are projects that they consider may affect their powers; as well as the defense of the inhabitants when rights are injured; You must make a reasoned writing substantiating the query. Salt can be consulted on 3 articles, but the room can also respond on more articles, beyond what was consulted. It is not binding on the deputies, only if the chamber says that the legislative procedure is contrary to the constitution, then it would be binding on the disputed parties.<\/li><\/ol>\t\t\t\t\t\t\t\t<\/div>\n\t\t\t\t<\/div>\n\t\t\t\t\t<\/div>\n\t\t\t\t<\/div>\n\t\t\t\t<\/div>\n\t\t<div class=\"elementor-element elementor-element-b9da573 e-con-full e-flex e-con e-child\" data-id=\"b9da573\" data-element_type=\"container\" data-e-type=\"container\">\n\t\t<div class=\"elementor-element elementor-element-fd14661 e-con-full e-flex e-con e-child\" data-id=\"fd14661\" data-element_type=\"container\" data-e-type=\"container\">\n\t\t\t\t<div class=\"elementor-element elementor-element-115b965 elementor-widget elementor-widget-image\" data-id=\"115b965\" data-element_type=\"widget\" data-e-type=\"widget\" data-widget_type=\"image.default\">\n\t\t\t\t<div class=\"elementor-widget-container\">\n\t\t\t\t\t\t\t\t\t\t\t\t\t\t\t<img fetchpriority=\"high\" decoding=\"async\" width=\"653\" height=\"539\" src=\"https:\/\/jararicofirm.com\/wp-content\/uploads\/2024\/06\/DERECHO-CONSTITUCIONAL01.png\" class=\"attachment-full size-full wp-image-906\" alt=\"\" \/>\t\t\t\t\t\t\t\t\t\t\t\t\t\t\t<\/div>\n\t\t\t\t<\/div>\n\t\t<div class=\"elementor-element elementor-element-a420437 e-flex e-con-boxed e-con e-child\" data-id=\"a420437\" data-element_type=\"container\" data-e-type=\"container\">\n\t\t\t\t\t<div class=\"e-con-inner\">\n\t\t<div class=\"elementor-element elementor-element-8567c77 e-con-full e-flex e-con e-child\" data-id=\"8567c77\" data-element_type=\"container\" data-e-type=\"container\">\n\t\t\t\t<div class=\"elementor-element elementor-element-3d5a443 elementor-widget elementor-widget-button\" data-id=\"3d5a443\" data-element_type=\"widget\" data-e-type=\"widget\" data-widget_type=\"button.default\">\n\t\t\t\t<div class=\"elementor-widget-container\">\n\t\t\t\t\t\t\t\t\t<div class=\"elementor-button-wrapper\">\n\t\t\t\t\t<a class=\"elementor-button elementor-button-link elementor-size-sm\" href=\"https:\/\/api.whatsapp.com\/send\/?phone=50684556166&#038;text&#038;type=phone_number&#038;app_absent=0\" target=\"_blank\" rel=\"nofollow noopener\">\n\t\t\t\t\t\t<span class=\"elementor-button-content-wrapper\">\n\t\t\t\t\t\t<span class=\"elementor-button-icon\">\n\t\t\t\t<svg xmlns=\"http:\/\/www.w3.org\/2000\/svg\" width=\"36\" height=\"36\" viewbox=\"0 0 36 36\" fill=\"none\"><g clip-path=\"url(#clip0_36_575)\"><path d=\"M30.7552 5.23099C27.6814 2.16999 23.595 0.325384 19.2569 0.0406372C14.9187 -0.244109 10.6244 1.05041 7.1736 3.68315C3.72278 6.3159 1.35062 10.1074 0.498801 14.3518C-0.35302 18.5962 0.373554 23.0041 2.54324 26.7548L0 35.9998L9.50305 33.5188C12.1308 34.9441 15.0757 35.6904 18.0682 35.6894H18.0755C21.62 35.6892 25.0849 34.6429 28.0323 32.6827C30.9796 30.7224 33.277 27.9363 34.634 24.6764C35.9911 21.4165 36.3469 17.8293 35.6565 14.3681C34.9661 10.907 33.2605 7.72726 30.7552 5.23099ZM18.0755 32.6772H18.0706C15.4024 32.6784 12.783 31.9647 10.4872 30.6109L9.94153 30.2884L4.30451 31.7605L5.80999 26.2916L5.45432 25.729C3.69867 22.9436 2.92254 19.6565 3.24793 16.3841C3.57332 13.1118 4.98178 10.0399 7.25191 7.65139C9.52205 5.26283 12.5251 3.69304 15.789 3.18879C19.053 2.68454 22.3927 3.27442 25.2832 4.8657C28.1737 6.45698 30.451 8.95943 31.7573 11.9797C33.0635 14.9999 33.3246 18.3667 32.4994 21.5507C31.6742 24.7348 29.8096 27.5555 27.1987 29.5696C24.5877 31.5836 21.3785 32.6768 18.0755 32.6772Z\" fill=\"white\"><\/path><path fill-rule=\"evenodd\" clip-rule=\"evenodd\" d=\"M26.8429 24.2135C26.4702 25.2539 24.6431 26.258 23.8198 26.3332C22.9964 26.4083 22.229 26.7018 18.4458 25.2176C13.8953 23.4302 11.0207 18.7859 10.7966 18.4876C10.5725 18.1893 8.96714 16.0696 8.96714 13.8772C8.95444 13.1826 9.08739 12.493 9.35752 11.8524C9.62765 11.2118 10.029 10.6344 10.536 10.1569C10.6853 9.9868 10.8686 9.8494 11.074 9.75338C11.2795 9.65737 11.5027 9.60484 11.7296 9.59912L12.5871 9.61125C12.9062 9.62337 13.2595 9.63792 13.5956 10.38C13.9927 11.2628 14.8648 13.4674 14.9769 13.6905C15.0476 13.8074 15.0879 13.94 15.0943 14.0763C15.1007 14.2127 15.0729 14.3484 15.0134 14.4714C14.9006 14.7397 14.7497 14.9904 14.5652 15.2159C14.3411 15.4754 14.095 15.7956 13.8928 15.9969C13.6687 16.2176 13.4349 16.4601 13.698 16.9063C14.3705 18.0519 15.2095 19.0923 16.1876 19.9936C17.2506 20.9334 18.4698 21.6818 19.7905 22.2054C20.2388 22.4285 20.4994 22.3922 20.7601 22.0939C21.0207 21.7956 21.8782 20.7915 22.1779 20.3453C22.4775 19.899 22.7747 19.9742 23.1864 20.1222C23.5981 20.2701 25.7978 21.3493 26.2461 21.5724C26.6943 21.7956 26.9939 21.9071 27.1036 22.0939C27.2132 22.2806 27.2156 23.1731 26.8429 24.2135Z\" fill=\"white\"><\/path><\/g><defs><clippath id=\"clip0_36_575\"><rect width=\"36\" height=\"36\" fill=\"white\"><\/rect><\/clippath><\/defs><\/svg>\t\t\t<\/span>\n\t\t\t\t\t\t\t\t\t<span class=\"elementor-button-text\">Write to us<\/span>\n\t\t\t\t\t<\/span>\n\t\t\t\t\t<\/a>\n\t\t\t\t<\/div>\n\t\t\t\t\t\t\t\t<\/div>\n\t\t\t\t<\/div>\n\t\t\t\t<\/div>\n\t\t<div class=\"elementor-element elementor-element-85cc087 e-con-full e-flex e-con e-child\" data-id=\"85cc087\" data-element_type=\"container\" data-e-type=\"container\">\n\t\t\t\t<div class=\"elementor-element elementor-element-d3035cd elementor-mobile-align-right elementor-align-right elementor-widget elementor-widget-button\" data-id=\"d3035cd\" data-element_type=\"widget\" data-e-type=\"widget\" data-widget_type=\"button.default\">\n\t\t\t\t<div class=\"elementor-widget-container\">\n\t\t\t\t\t\t\t\t\t<div class=\"elementor-button-wrapper\">\n\t\t\t\t\t<a class=\"elementor-button elementor-button-link elementor-size-sm\" href=\"https:\/\/jararicofirm.com\/politica-de-privacidad\/\">\n\t\t\t\t\t\t<span class=\"elementor-button-content-wrapper\">\n\t\t\t\t\t\t\t\t\t<span class=\"elementor-button-text\">Privacy Policy<\/span>\n\t\t\t\t\t<\/span>\n\t\t\t\t\t<\/a>\n\t\t\t\t<\/div>\n\t\t\t\t\t\t\t\t<\/div>\n\t\t\t\t<\/div>\n\t\t\t\t<\/div>\n\t\t\t\t\t<\/div>\n\t\t\t\t<\/div>\n\t\t\t\t<\/div>\n\t\t\t\t<\/div>\n\t\t\t\t\t<\/div>\n\t\t\t\t<\/div>\n\t\t\t\t\t<\/div>\n\t\t\t\t<\/div>\n\t\t\t\t<\/div>","protected":false},"excerpt":{"rendered":"<p>\u00c1reas de pr\u00e1ctica Volver DERECHO CONSTITUCIONAL En nuestro equipo de trabajo sabemos que en Costa Rica y en todo el Mundo; es una verdad incontestable que el derecho \u2013en cuanto estudio del sistema jur\u00eddico\u2212 es una disciplina en constante formaci\u00f3n, pues el ordenamiento jur\u00eddico se modifica en virtud de los cambios sociales, econ\u00f3micos y criminales, [&hellip;]<\/p>\n","protected":false},"author":4,"featured_media":736,"parent":0,"menu_order":0,"comment_status":"closed","ping_status":"closed","template":"","meta":{"content-type":"","footnotes":""},"class_list":["post-930","page","type-page","status-publish","has-post-thumbnail","hentry"],"acf":[],"_links":{"self":[{"href":"https:\/\/jararicofirm.com\/en\/wp-json\/wp\/v2\/pages\/930","targetHints":{"allow":["GET"]}}],"collection":[{"href":"https:\/\/jararicofirm.com\/en\/wp-json\/wp\/v2\/pages"}],"about":[{"href":"https:\/\/jararicofirm.com\/en\/wp-json\/wp\/v2\/types\/page"}],"author":[{"embeddable":true,"href":"https:\/\/jararicofirm.com\/en\/wp-json\/wp\/v2\/users\/4"}],"replies":[{"embeddable":true,"href":"https:\/\/jararicofirm.com\/en\/wp-json\/wp\/v2\/comments?post=930"}],"version-history":[{"count":17,"href":"https:\/\/jararicofirm.com\/en\/wp-json\/wp\/v2\/pages\/930\/revisions"}],"predecessor-version":[{"id":1508,"href":"https:\/\/jararicofirm.com\/en\/wp-json\/wp\/v2\/pages\/930\/revisions\/1508"}],"wp:featuredmedia":[{"embeddable":true,"href":"https:\/\/jararicofirm.com\/en\/wp-json\/wp\/v2\/media\/736"}],"wp:attachment":[{"href":"https:\/\/jararicofirm.com\/en\/wp-json\/wp\/v2\/media?parent=930"}],"curies":[{"name":"wp","href":"https:\/\/api.w.org\/{rel}","templated":true}]}}