{"id":1967,"date":"2025-11-05T10:50:38","date_gmt":"2025-11-05T16:50:38","guid":{"rendered":"https:\/\/jararicofirm.com\/?page_id=1967"},"modified":"2025-11-25T13:07:49","modified_gmt":"2025-11-25T19:07:49","slug":"contacto","status":"publish","type":"page","link":"https:\/\/jararicofirm.com\/en\/contacto\/","title":{"rendered":"Contacto"},"content":{"rendered":"<div data-elementor-type=\"wp-page\" data-elementor-id=\"1967\" class=\"elementor elementor-1967\" data-elementor-post-type=\"page\">\n\t\t\t\t<div class=\"elementor-element elementor-element-4acd32b e-flex e-con-boxed e-con e-parent\" data-id=\"4acd32b\" data-element_type=\"container\" data-e-type=\"container\" data-settings=\"{&quot;background_background&quot;:&quot;classic&quot;}\">\n\t\t\t\t\t<div class=\"e-con-inner\">\n\t\t<div class=\"elementor-element elementor-element-89675eb e-con-full e-flex e-con e-child\" data-id=\"89675eb\" data-element_type=\"container\" data-e-type=\"container\">\n\t\t\t\t<div class=\"elementor-element elementor-element-d0450b2 elementor-widget elementor-widget-heading\" data-id=\"d0450b2\" data-element_type=\"widget\" data-e-type=\"widget\" data-widget_type=\"heading.default\">\n\t\t\t\t<div class=\"elementor-widget-container\">\n\t\t\t\t\t<h1 class=\"elementor-heading-title elementor-size-default\">solicitar una llamada\n<\/h1>\t\t\t\t<\/div>\n\t\t\t\t<\/div>\n\t\t\t\t<div class=\"elementor-element elementor-element-d1c8615 elementor-widget-divider--view-line elementor-widget elementor-widget-divider\" data-id=\"d1c8615\" data-element_type=\"widget\" data-e-type=\"widget\" data-widget_type=\"divider.default\">\n\t\t\t\t<div class=\"elementor-widget-container\">\n\t\t\t\t\t\t\t<div class=\"elementor-divider\">\n\t\t\t<span class=\"elementor-divider-separator\">\n\t\t\t\t\t\t<\/span>\n\t\t<\/div>\n\t\t\t\t\t\t<\/div>\n\t\t\t\t<\/div>\n\t\t\t\t<\/div>\n\t\t\t\t\t<\/div>\n\t\t\t\t<\/div>\n\t\t<div class=\"elementor-element elementor-element-4a477b1 e-flex e-con-boxed e-con e-parent\" data-id=\"4a477b1\" data-element_type=\"container\" data-e-type=\"container\" data-settings=\"{&quot;background_background&quot;:&quot;classic&quot;}\">\n\t\t\t\t\t<div class=\"e-con-inner\">\n\t\t<div class=\"elementor-element elementor-element-17e96f4 e-con-full e-flex e-con e-child\" data-id=\"17e96f4\" data-element_type=\"container\" data-e-type=\"container\">\n\t\t<div class=\"elementor-element elementor-element-78e57a4 e-flex e-con-boxed e-con e-child\" data-id=\"78e57a4\" data-element_type=\"container\" data-e-type=\"container\" data-settings=\"{&quot;background_background&quot;:&quot;classic&quot;}\">\n\t\t\t\t\t<div class=\"e-con-inner\">\n\t\t\t\t<div class=\"elementor-element elementor-element-af94098 elementor-position-inline-start elementor-mobile-position-inline-start elementor-view-default elementor-widget elementor-widget-icon-box\" data-id=\"af94098\" data-element_type=\"widget\" data-e-type=\"widget\" data-widget_type=\"icon-box.default\">\n\t\t\t\t<div class=\"elementor-widget-container\">\n\t\t\t\t\t\t\t<div class=\"elementor-icon-box-wrapper\">\n\n\t\t\t\t\t\t<div class=\"elementor-icon-box-icon\">\n\t\t\t\t<span  class=\"elementor-icon\">\n\t\t\t\t<svg xmlns=\"http:\/\/www.w3.org\/2000\/svg\" width=\"35\" height=\"44\" viewbox=\"0 0 35 44\" fill=\"none\"><path d=\"M16.2889 0H17.9769C18.5295 0.0856643 19.0842 0.157794 19.6342 0.258107C29.3479 2.03136 34.3857 13.1592 29.2725 21.7199C27.3439 24.9488 25.1525 28.0163 23.0813 31.1571C22.9933 31.2905 22.9089 31.4265 22.7836 31.6225H29.6755C29.7415 31.7843 29.804 31.9264 29.8579 32.0716C30.5669 33.978 31.2756 35.8844 31.9842 37.791C32.7411 39.8154 33.5017 41.8385 34.2658 43.8601C22.9704 43.8601 11.6749 43.8589 0.379287 43.8565C0.250349 43.8429 0.123204 43.8154 0 43.7745C0.074624 43.6414 0.142238 43.5043 0.202557 43.364C1.6092 39.591 3.01145 35.8163 4.40932 32.0401C4.52621 31.7231 4.67095 31.615 5.01066 31.6183C6.99402 31.6375 8.97739 31.6277 10.9608 31.6276H11.484C11.3531 31.4204 11.2752 31.291 11.1918 31.1656C9.27861 28.293 7.34107 25.4367 5.45755 22.544C3.32893 19.275 2.56175 15.7017 3.20841 11.8119C4.16304 6.06992 8.95165 1.20298 14.6313 0.261276C15.1833 0.169787 15.7363 0.0868636 16.2889 0ZM17.1224 35.3082C17.2547 35.1341 17.3425 35.0267 17.4218 34.9132C18.6745 33.1223 19.9523 31.3486 21.1721 29.5348C23.1518 26.591 25.1395 23.6508 27.0367 20.6523C28.6391 18.1201 29.1251 15.3126 28.6297 12.3394C28.1875 9.75562 26.912 7.39416 25.0038 5.62613C23.0955 3.8581 20.6625 2.78372 18.0872 2.57181C15.4178 2.3472 12.9238 2.97915 10.6924 4.51314C7.59883 6.64001 5.84528 9.61728 5.49544 13.3833C5.23803 16.1547 5.92183 18.7382 7.45349 21.0497C9.91464 24.7647 12.4132 28.4542 14.9059 32.1473C15.6114 33.1924 16.3526 34.2127 17.1223 35.3083M30.5871 41.2902C30.5806 41.2167 30.5683 41.1438 30.5504 41.0722C29.7284 38.859 28.8998 36.6482 28.0872 34.4314C27.9872 34.1591 27.8118 34.1611 27.5943 34.1614C25.5133 34.164 23.4325 34.1687 21.3517 34.156C21.2347 34.1482 21.1179 34.1735 21.0144 34.2292C20.9108 34.2849 20.8246 34.3687 20.7653 34.4713C20.2197 35.268 19.6612 36.0552 19.1026 36.8424C18.7909 37.2817 18.554 37.8839 18.129 38.1023C17.6889 38.3282 17.0606 38.1623 16.517 38.1992C16.2086 38.22 16.0355 38.0913 15.8661 37.8455C15.0845 36.7117 14.2794 35.5948 13.4955 34.4624C13.4344 34.3611 13.3469 34.2789 13.2426 34.225C13.1383 34.171 13.0214 34.1474 12.9047 34.1567C10.8238 34.1681 8.74285 34.1679 6.66192 34.156C6.37344 34.1542 6.24516 34.2494 6.14565 34.521C5.36775 36.6442 4.5744 38.7616 3.78781 40.8815C3.74198 41.005 3.71362 41.1352 3.66914 41.2899L30.5871 41.2902Z\" fill=\"white\"><\/path><path d=\"M17.1691 6.05391C18.2506 6.05721 19.3208 6.27811 20.3176 6.70385C21.3145 7.12958 22.2183 7.75169 22.9768 8.5342C23.7353 9.31672 24.3335 10.2441 24.7366 11.2627C25.1398 12.2813 25.34 13.371 25.3256 14.4686C25.2763 19.1018 21.5944 22.7359 16.9909 22.695C12.5206 22.6552 8.90328 18.8877 8.93923 14.3093C8.97552 9.71957 12.6712 6.01219 17.1688 6.05357M17.1406 20.1824C20.2924 20.1752 22.8628 17.5692 22.8628 14.3801C22.8634 11.1839 20.2517 8.54631 17.1031 8.56276C13.9711 8.57929 11.387 11.2235 11.4018 14.3965C11.4127 15.9343 12.0221 17.4055 13.097 18.4893C14.172 19.5731 15.6254 20.1817 17.1406 20.1824Z\" fill=\"white\"><\/path><\/svg>\t\t\t\t<\/span>\n\t\t\t<\/div>\n\t\t\t\n\t\t\t\t\t\t<div class=\"elementor-icon-box-content\">\n\n\t\t\t\t\t\t\t\t\t<span class=\"elementor-icon-box-title\">\n\t\t\t\t\t\t<span  >\n\t\t\t\t\t\t\tAddress:\t\t\t\t\t\t<\/span>\n\t\t\t\t\t<\/span>\n\t\t\t\t\n\t\t\t\t\t\t\t\t\t<p class=\"elementor-icon-box-description\">\n\t\t\t\t\t\tEdificio Torres Paseo Colon, Piso 6, Oficina 603\u00aa, Avenida Paseo Col\u00f3n, San Jos\u00e9, Costa Rica\t\t\t\t\t<\/p>\n\t\t\t\t\n\t\t\t<\/div>\n\t\t\t\n\t\t<\/div>\n\t\t\t\t\t\t<\/div>\n\t\t\t\t<\/div>\n\t\t\t\t<div class=\"elementor-element elementor-element-923ae48 elementor-position-inline-start elementor-mobile-position-inline-start elementor-view-default elementor-widget elementor-widget-icon-box\" data-id=\"923ae48\" data-element_type=\"widget\" data-e-type=\"widget\" data-widget_type=\"icon-box.default\">\n\t\t\t\t<div class=\"elementor-widget-container\">\n\t\t\t\t\t\t\t<div class=\"elementor-icon-box-wrapper\">\n\n\t\t\t\t\t\t<div class=\"elementor-icon-box-icon\">\n\t\t\t\t<span  class=\"elementor-icon\">\n\t\t\t\t<svg xmlns=\"http:\/\/www.w3.org\/2000\/svg\" width=\"41\" height=\"44\" viewbox=\"0 0 41 44\" fill=\"none\"><path d=\"M0 15.5532C0.0840898 14.8216 0.168208 14.0899 0.252355 13.3584C0.268335 13.2199 0.286538 13.0818 0.305509 12.9258H9.91388C10.4059 14.3707 10.8995 15.8201 11.3947 17.2738C11.8809 18.6989 12.378 20.1205 12.8442 21.5522C12.8994 21.7587 12.8713 21.9787 12.7658 22.1646C12.0676 23.2543 11.3448 24.3284 10.6174 25.3989C10.552 25.4791 10.5132 25.5776 10.5063 25.6809C10.4995 25.7841 10.5249 25.8869 10.5792 25.975C12.1505 29.155 14.4987 31.5632 17.6683 33.1689C17.9129 33.2928 18.087 33.2948 18.3186 33.136C19.3746 32.4124 20.4399 31.7027 21.5147 31.0069C21.6614 30.9117 21.9009 30.8383 22.0521 30.8893C24.9064 31.8514 27.7534 32.8336 30.6018 33.8124C30.653 33.8301 30.701 33.8579 30.7675 33.8888V43.7541H27.6056C27.4814 43.7304 27.3582 43.6974 27.233 43.6846C26.0727 43.566 24.9055 43.4953 23.7526 43.3271C18.8725 42.6149 14.3545 40.9599 10.3951 37.9689C4.80731 33.7483 1.50772 28.1287 0.342939 21.2426C0.191851 20.3494 0.112547 19.4439 0 18.5442V15.5532ZM28.1838 41.1807C28.1923 41.0005 28.2028 40.8752 28.2029 40.7499C28.2041 39.1976 28.1938 37.6452 28.2115 36.093C28.2151 35.7791 28.1098 35.6518 27.8213 35.5558C26.0547 34.967 24.2924 34.3654 22.5343 33.7508C22.4257 33.7037 22.3064 33.6865 22.1889 33.701C22.0714 33.7154 21.9599 33.7611 21.8659 33.8331C20.7841 34.5705 19.6852 35.2831 18.6052 36.0231C18.3758 36.1805 18.1975 36.1865 17.9463 36.0843C13.0263 34.0825 9.63102 30.5781 7.6714 25.6628C7.64528 25.5743 7.63758 25.4814 7.64878 25.3898C7.65998 25.2982 7.68984 25.2099 7.73652 25.1303C8.45436 24.0182 9.18676 22.9158 9.93371 21.8231C10.006 21.7292 10.0519 21.6177 10.0667 21.5002C10.0815 21.3826 10.0646 21.2633 10.0177 21.1544C9.45968 19.5575 8.92027 17.9541 8.37506 16.3526C8.07365 15.4678 8.0739 15.4678 7.14046 15.4678H2.6261C2.60653 15.7198 2.58038 15.944 2.57303 16.169C2.51276 17.8206 2.62282 19.474 2.90144 21.1031C3.68671 25.6045 5.56531 29.5872 8.66211 32.9509C13.8972 38.6373 20.6239 40.8398 28.1837 41.1804\" fill=\"white\"><\/path><path d=\"M30.4253 0C31.3248 0.198346 32.2613 0.296622 33.1178 0.611788C37.6721 2.28752 40.379 5.55172 40.9236 10.373C41.6329 16.6513 37.3329 22.1013 31.101 23.0439C29.2227 23.328 27.3864 23.1064 25.593 22.4786C25.3555 22.4003 25.1012 22.388 24.8572 22.4428C23.4204 22.7822 21.9903 23.1493 20.5117 23.5188C20.5117 22.456 20.4659 21.4315 20.5247 20.4129C20.5832 19.3994 20.3214 18.5701 19.7563 17.6925C15.3103 10.7876 19.513 1.47516 27.625 0.158096C27.9321 0.108189 28.2384 0.0528125 28.5451 0L30.4253 0ZM23.076 20.2298C23.7907 20.0544 24.4483 19.8744 25.115 19.7398C25.3439 19.6953 25.5807 19.7164 25.798 19.8008C26.8577 20.2458 27.9491 20.5467 29.0991 20.5864C34.6814 20.779 39.017 16.0818 38.387 10.5329C37.6944 4.43523 31.1851 0.800648 25.6628 3.42786C20.2647 5.99602 18.8241 12.9776 22.7688 17.4925C22.8761 17.6025 22.9593 17.7337 23.0133 17.8775C23.0673 18.0214 23.0909 18.175 23.0825 18.3284C23.0581 18.9383 23.0756 19.5499 23.0756 20.2298\" fill=\"white\"><\/path><path d=\"M25.6167 10.3594H23.1061V12.87H25.6167V10.3594Z\" fill=\"white\"><\/path><path d=\"M30.737 10.3745H28.2264V12.8852H30.737V10.3745Z\" fill=\"white\"><\/path><path d=\"M35.8701 10.3569H33.3642V12.8827H35.8701V10.3569Z\" fill=\"white\"><\/path><\/svg>\t\t\t\t<\/span>\n\t\t\t<\/div>\n\t\t\t\n\t\t\t\t\t\t<div class=\"elementor-icon-box-content\">\n\n\t\t\t\t\t\t\t\t\t<span class=\"elementor-icon-box-title\">\n\t\t\t\t\t\t<span  >\n\t\t\t\t\t\t\tPhones:\t\t\t\t\t\t<\/span>\n\t\t\t\t\t<\/span>\n\t\t\t\t\n\t\t\t\t\t\t\t\t\t<p class=\"elementor-icon-box-description\">\n\t\t\t\t\t\t\n\n\n<button style=\"background: #43CAFF;border-color: #43CAFF\"><a href=\"tel:+50622210122\" target=\"_blank\" style=\"color:#fff\">(+506)\u00a02221 0122<\/a><\/button>\n\n<br><br>\n\n<button style=\"background: #43CAFF;border-color: #43CAFF\"><a href=\"tel:+50687462888\" target=\"_blank\" style=\"color:#fff\">(+506)\u00a08746 2888<\/a><\/button>\n\t\t\t\t\t<\/p>\n\t\t\t\t\n\t\t\t<\/div>\n\t\t\t\n\t\t<\/div>\n\t\t\t\t\t\t<\/div>\n\t\t\t\t<\/div>\n\t\t\t\t\t<\/div>\n\t\t\t\t<\/div>\n\t\t<div class=\"elementor-element elementor-element-7659210 e-flex e-con-boxed e-con e-child\" data-id=\"7659210\" data-element_type=\"container\" data-e-type=\"container\">\n\t\t\t\t\t<div class=\"e-con-inner\">\n\t\t\t\t<div class=\"elementor-element elementor-element-b35f694 elementor-widget elementor-widget-google_maps\" data-id=\"b35f694\" data-element_type=\"widget\" data-e-type=\"widget\" data-widget_type=\"google_maps.default\">\n\t\t\t\t<div class=\"elementor-widget-container\">\n\t\t\t\t\t\t\t<div class=\"elementor-custom-embed\">\n\t\t\t<iframe loading=\"lazy\"\n\t\t\t\t\tsrc=\"https:\/\/maps.google.com\/maps?q=Jara%20rico&#038;t=m&#038;z=15&#038;output=embed&#038;iwloc=near\"\n\t\t\t\t\ttitle=\"Jara rico\"\n\t\t\t\t\taria-label=\"Jara rico\"\n\t\t\t><\/iframe>\n\t\t<\/div>\n\t\t\t\t\t\t<\/div>\n\t\t\t\t<\/div>\n\t\t\t\t<div class=\"elementor-element elementor-element-7a12c37 elementor-widget elementor-widget-html\" data-id=\"7a12c37\" data-element_type=\"widget\" data-e-type=\"widget\" data-widget_type=\"html.default\">\n\t\t\t\t<div class=\"elementor-widget-container\">\n\t\t\t\t\t<style>\r\n.float{\r\n\tposition:fixed;\r\n\twidth:60px;\r\n\theight:60px;\r\n\tbottom:10px;\r\n\tright:10px;\r\n\tbackground-color:#25d366;\r\n\tcolor:#FFF;\r\n\tborder-radius:50px;\r\n\ttext-align:center;\r\n  font-size:30px;\r\n\tbox-shadow: 2px 2px 3px #999;\r\n  z-index:100;\r\n}\r\n\r\n.my-float{margin-top:16px;}\r\n<\/style>\r\n\r\n\r\n\r\n<link rel=\"stylesheet\" href=\"https:\/\/stackpath.bootstrapcdn.com\/font-awesome\/4.7.0\/css\/font-awesome.min.css\">\r\n<p><a class=\"float\" href=\"https:\/\/api.whatsapp.com\/send\/?phone=50687462888&amp;text&amp;type=phone_number&amp;app_absent=0\" style=\"color:#FFF;\" target=\"_blank\" rel=\"nofollow noopener\"><i class=\"fa fa-whatsapp my-float\"><\/i> <\/a><\/p>\t\t\t\t<\/div>\n\t\t\t\t<\/div>\n\t\t\t\t\t<\/div>\n\t\t\t\t<\/div>\n\t\t\t\t<\/div>\n\t\t<div class=\"elementor-element elementor-element-1d8259a e-con-full e-flex e-con e-child\" data-id=\"1d8259a\" data-element_type=\"container\" data-e-type=\"container\">\n\t\t\t\t<div class=\"elementor-element elementor-element-3c19dab elementor-widget elementor-widget-heading\" data-id=\"3c19dab\" data-element_type=\"widget\" data-e-type=\"widget\" data-widget_type=\"heading.default\">\n\t\t\t\t<div class=\"elementor-widget-container\">\n\t\t\t\t\t<span class=\"elementor-heading-title elementor-size-default\">\nll\u00e1menos<\/span>\t\t\t\t<\/div>\n\t\t\t\t<\/div>\n\t\t<div class=\"elementor-element elementor-element-9cc3766 e-con-full e-flex e-con e-child\" data-id=\"9cc3766\" data-element_type=\"container\" data-e-type=\"container\">\n\t\t\t\t<div class=\"elementor-element elementor-element-5c093d8 elementor-widget elementor-widget-text-editor\" data-id=\"5c093d8\" data-element_type=\"widget\" data-e-type=\"widget\" data-widget_type=\"text-editor.default\">\n\t\t\t\t<div class=\"elementor-widget-container\">\n\t\t\t\t\t\t\t\t\t<p>Nuestra firma provee acceso a un equipo enriquecido de conocimiento y experiencia legal que es invaluable. Nuestra estrategia es \u00fanica ya que cada caso recibe una atenci\u00f3n personalizada de nuestros m\u00e1s experimentados colegas. Tenemos m\u00e1s de 25 a\u00f1os de experiencia\u201d<\/p>\t\t\t\t\t\t\t\t<\/div>\n\t\t\t\t<\/div>\n\t\t\t\t<div class=\"elementor-element elementor-element-5487d40 elementor-widget elementor-widget-heading\" data-id=\"5487d40\" data-element_type=\"widget\" data-e-type=\"widget\" data-widget_type=\"heading.default\">\n\t\t\t\t<div class=\"elementor-widget-container\">\n\t\t\t\t\t<h2 class=\"elementor-heading-title elementor-size-default\">\u00bfBusca un abogado para tus tr\u00e1mites?<\/h2>\t\t\t\t<\/div>\n\t\t\t\t<\/div>\n\t\t<div class=\"elementor-element elementor-element-01b6779 e-con-full e-flex e-con e-child\" data-id=\"01b6779\" data-element_type=\"container\" data-e-type=\"container\">\n\t\t<div class=\"elementor-element elementor-element-c556ab2 e-con-full e-flex e-con e-child\" data-id=\"c556ab2\" data-element_type=\"container\" data-e-type=\"container\">\n\t\t\t\t<div class=\"elementor-element elementor-element-bf89c4f elementor-widget elementor-widget-heading\" data-id=\"bf89c4f\" data-element_type=\"widget\" data-e-type=\"widget\" data-widget_type=\"heading.default\">\n\t\t\t\t<div class=\"elementor-widget-container\">\n\t\t\t\t\t<h2 class=\"elementor-heading-title elementor-size-default\">Nuestra firma de abogados est\u00e1 para servirle.<\/h2>\t\t\t\t<\/div>\n\t\t\t\t<\/div>\n\t\t\t\t<\/div>\n\t\t<div class=\"elementor-element elementor-element-a2d817b e-con-full e-flex e-con e-child\" data-id=\"a2d817b\" data-element_type=\"container\" data-e-type=\"container\">\n\t\t<div class=\"elementor-element elementor-element-c4d551b e-con-full e-flex e-con e-child\" data-id=\"c4d551b\" data-element_type=\"container\" data-e-type=\"container\" data-settings=\"{&quot;background_background&quot;:&quot;classic&quot;}\">\n\t\t\t\t<div class=\"elementor-element elementor-element-df981b7 elementor-icon-list--layout-traditional elementor-list-item-link-full_width elementor-widget elementor-widget-icon-list\" data-id=\"df981b7\" data-element_type=\"widget\" data-e-type=\"widget\" data-widget_type=\"icon-list.default\">\n\t\t\t\t<div class=\"elementor-widget-container\">\n\t\t\t\t\t\t\t<ul class=\"elementor-icon-list-items\">\n\t\t\t\t\t\t\t<li class=\"elementor-icon-list-item\">\n\t\t\t\t\t\t\t\t\t\t\t<span class=\"elementor-icon-list-icon\">\n\t\t\t\t\t\t\t<svg aria-hidden=\"true\" class=\"e-font-icon-svg e-fas-circle\" viewbox=\"0 0 512 512\" xmlns=\"http:\/\/www.w3.org\/2000\/svg\"><path d=\"M256 8C119 8 8 119 8 256s111 248 248 248 248-111 248-248S393 8 256 8z\"><\/path><\/svg>\t\t\t\t\t\t<\/span>\n\t\t\t\t\t\t\t\t\t\t<span class=\"elementor-icon-list-text\">Abogados<\/span>\n\t\t\t\t\t\t\t\t\t<\/li>\n\t\t\t\t\t\t<\/ul>\n\t\t\t\t\t\t<\/div>\n\t\t\t\t<\/div>\n\t\t\t\t<\/div>\n\t\t<div class=\"elementor-element elementor-element-3116325 e-con-full e-flex e-con e-child\" data-id=\"3116325\" data-element_type=\"container\" data-e-type=\"container\" data-settings=\"{&quot;background_background&quot;:&quot;classic&quot;}\">\n\t\t\t\t<div class=\"elementor-element elementor-element-c256d85 elementor-icon-list--layout-traditional elementor-list-item-link-full_width elementor-widget elementor-widget-icon-list\" data-id=\"c256d85\" data-element_type=\"widget\" data-e-type=\"widget\" data-widget_type=\"icon-list.default\">\n\t\t\t\t<div class=\"elementor-widget-container\">\n\t\t\t\t\t\t\t<ul class=\"elementor-icon-list-items\">\n\t\t\t\t\t\t\t<li class=\"elementor-icon-list-item\">\n\t\t\t\t\t\t\t\t\t\t\t<span class=\"elementor-icon-list-icon\">\n\t\t\t\t\t\t\t<svg aria-hidden=\"true\" class=\"e-font-icon-svg e-fas-circle\" viewbox=\"0 0 512 512\" xmlns=\"http:\/\/www.w3.org\/2000\/svg\"><path d=\"M256 8C119 8 8 119 8 256s111 248 248 248 248-111 248-248S393 8 256 8z\"><\/path><\/svg>\t\t\t\t\t\t<\/span>\n\t\t\t\t\t\t\t\t\t\t<span class=\"elementor-icon-list-text\">Firma de abogados<\/span>\n\t\t\t\t\t\t\t\t\t<\/li>\n\t\t\t\t\t\t<\/ul>\n\t\t\t\t\t\t<\/div>\n\t\t\t\t<\/div>\n\t\t\t\t<\/div>\n\t\t\t\t<\/div>\n\t\t\t\t<\/div>\n\t\t\t\t<\/div>\n\t\t\t\t<\/div>\n\t\t\t\t\t<\/div>\n\t\t\t\t<\/div>\n\t\t\t\t<\/div>","protected":false},"excerpt":{"rendered":"<p>solicitar una llamada Direcci\u00f3n: Edificio Torres Paseo Colon, Piso 6, Oficina 603\u00aa, Avenida Paseo Col\u00f3n, San Jos\u00e9, Costa Rica Tel\u00e9fonos: (+506)\u00a02221 0122 (+506)\u00a08746 2888 ll\u00e1menos Nuestra firma provee acceso a un equipo enriquecido de conocimiento y experiencia legal que es invaluable. Nuestra estrategia es \u00fanica ya que cada caso recibe una atenci\u00f3n personalizada de nuestros [&hellip;]<\/p>\n","protected":false},"author":4,"featured_media":0,"parent":0,"menu_order":0,"comment_status":"closed","ping_status":"closed","template":"elementor_canvas","meta":{"content-type":"","footnotes":""},"class_list":["post-1967","page","type-page","status-publish","hentry"],"acf":[],"_links":{"self":[{"href":"https:\/\/jararicofirm.com\/en\/wp-json\/wp\/v2\/pages\/1967","targetHints":{"allow":["GET"]}}],"collection":[{"href":"https:\/\/jararicofirm.com\/en\/wp-json\/wp\/v2\/pages"}],"about":[{"href":"https:\/\/jararicofirm.com\/en\/wp-json\/wp\/v2\/types\/page"}],"author":[{"embeddable":true,"href":"https:\/\/jararicofirm.com\/en\/wp-json\/wp\/v2\/users\/4"}],"replies":[{"embeddable":true,"href":"https:\/\/jararicofirm.com\/en\/wp-json\/wp\/v2\/comments?post=1967"}],"version-history":[{"count":31,"href":"https:\/\/jararicofirm.com\/en\/wp-json\/wp\/v2\/pages\/1967\/revisions"}],"predecessor-version":[{"id":2013,"href":"https:\/\/jararicofirm.com\/en\/wp-json\/wp\/v2\/pages\/1967\/revisions\/2013"}],"wp:attachment":[{"href":"https:\/\/jararicofirm.com\/en\/wp-json\/wp\/v2\/media?parent=1967"}],"curies":[{"name":"wp","href":"https:\/\/api.w.org\/{rel}","templated":true}]}}